{"id":518,"date":"2019-12-17T04:51:49","date_gmt":"2019-12-17T03:51:49","guid":{"rendered":"https:\/\/ambassade-vietnam.com\/fr\/?page_id=518"},"modified":"2026-04-07T16:48:26","modified_gmt":"2026-04-07T14:48:26","slug":"nationalite","status":"publish","type":"page","link":"https:\/\/ambassade-vietnam.com\/fr\/nationalite\/","title":{"rendered":"Nationalit\u00e9"},"content":{"rendered":"<p><span style=\"font-size: 18pt\"><strong>PROC\u00c9DURE D'ACQUISITION DE LA NATIONALIT\u00c9 VIETNAMIENNE<\/strong><\/span><\/p>\n<ol>\n<li>Personnes pouvant d\u00e9poser un dossier \u00e0 l'Ambassade du Vietnam en France :<\/li>\n<\/ol>\n<p>Les citoyens \u00e9trangers et les apatrides r\u00e9sidant en France et dans les pays dont l'Ambassade du Vietnam en France a la charge :<\/p>\n<ol>\n<li>L\u2019un des deux parents biologique est citoyen vietnamien ou Les grands-parents paternels ou maternels sont citoyens vietnamiens;<\/li>\n<li>Ayant des m\u00e9rites exceptionnels contribuant \u00e0 l'\u0153uvre de construction et de d\u00e9fense de la Patrie vietnamienne ;<\/li>\n<li>\u00c9tant b\u00e9n\u00e9fiques pour l'\u00c9tat de la R\u00e9publique socialiste du Vietnam ;<\/li>\n<li>\u00c9tant des mineurs demandant la nationalit\u00e9 vietnamienne en suivant leur p\u00e8re ou leur m\u00e8re.<\/li>\n<\/ol>\n<p><strong>Attention !<\/strong>\u00a0Les personnes ayant un(e) \u00e9poux (se) ou un enfant biologique citoyen(ne) vietnamien(ne) doivent remplir la condition de r\u00e9sidence permanente au Vietnam (ayant la carte de r\u00e9sident permanent), et ne peuvent donc pas d\u00e9poser de dossier \u00e0 l'Ambassade.<\/p>\n<ol start=\"2\">\n<li>Conditions<\/li>\n<\/ol>\n<p>Avoir la pleine capacit\u00e9 juridique civile selon les dispositions de la loi vietnamienne, sauf dans le cas de mineurs demandant la nationalit\u00e9 vietnamienne en suivant leur p\u00e8re ou leur m\u00e8re, les mineurs ayant un p\u00e8re ou une m\u00e8re citoyen(ne) vietnamien(ne).<\/p>\n<ol start=\"3\">\n<li>Dossier :<\/li>\n<\/ol>\n<p>Le dossier doit \u00eatre \u00e9tabli en\u00a0<strong>03 exemplaires identiques<\/strong>. Chaque exemplaire comprend:<\/p>\n<ol>\n<li>Formulaire de demande d'acquisition de la nationalit\u00e9 vietnamienne \u00a0<a href=\"https:\/\/ambassade-vietnam.com\/wp-content\/uploads\/2025\/09\/1.-Mau-Don-xin-nhap-QT1-en-francais.docx\"><strong>TP\/QT-2025-\u0110XNQT.1<\/strong><\/a> ou \u00a0<a href=\"https:\/\/ambassade-vietnam.com\/wp-content\/uploads\/2025\/09\/2.-Mau-Don-xin-nhap-QT2.doc\"><strong>TP\/QT-2025-\u0110XNQT.2<\/strong><\/a>(pour les personnes de moins de 18 ans);<\/li>\n<li>Copie de l'acte de naissance, du passeport ou d'autres documents de substitution valables ;<\/li>\n<li>D\u00e9claration biographique <a href=\"https:\/\/ambassade-vietnam.com\/wp-content\/uploads\/2025\/09\/7.-Ban-khai-ly-lich.doc\"><strong>TP\/QT-2025-BKLL<\/strong><\/a>;<\/li>\n<li>Documents attestant du casier judiciaire d\u00e9livr\u00e9s par l'autorit\u00e9 comp\u00e9tente \u00e9trang\u00e8re conform\u00e9ment \u00e0 la l\u00e9gislation de ce pays pour la p\u00e9riode o\u00f9 le demandeur de nationalit\u00e9 vietnamienne a r\u00e9sid\u00e9 \u00e0 l'\u00e9tranger (casier judiciaire) d\u00e9livr\u00e9s dans les 90 jours pr\u00e9c\u00e9dant la date de d\u00e9p\u00f4t du dossier ;<\/li>\n<li>Copie de l'acte de naissance de l'enfant mineur acqu\u00e9rant la nationalit\u00e9 vietnamienne avec ses parents ou autres documents valables prouvant la relation parent-enfant.<\/li>\n<li>Un accord <a href=\"https:\/\/ambassade-vietnam.com\/wp-content\/uploads\/2025\/09\/14.-Mau-Ban-thoa-thuan.doc\"><strong>TP\/QT-2025-VBTT<\/strong><\/a>sign\u00e9 par les deux parents concernant la demande de nationalit\u00e9 vietnamienne pour l'enfant doit \u00eatre fourni. Dans le cas o\u00f9 le p\u00e8re ou la m\u00e8re est d\u00e9c\u00e9d\u00e9(e), a perdu sa capacit\u00e9 juridique civile ou a une capacit\u00e9 juridique civile limit\u00e9e, l'accord est remplac\u00e9 par des documents prouvant le d\u00e9c\u00e8s, la perte ou la limitation de la capacit\u00e9 juridique civile du p\u00e8re ou de la m\u00e8re ;<\/li>\n<li>Documents prouvant l'appartenance aux cat\u00e9gories pouvant d\u00e9poser un dossier de naturalisation \u00e0 l'Ambassade :<\/li>\n<\/ol>\n<ul>\n<li>Cas d'avoir un parent biologique, les grands-parents paternels ou maternels vietnamiens :\n<ul>\n<li>Documents prouvant la nationalit\u00e9 de ce parent, ces grands-parents (acte de naissance indiquant clairement la nationalit\u00e9 vietnamienne, carte d'identit\u00e9, carte d'identit\u00e9 citoyenne, passeport,...)\u00a0:\u00a0l\u2019original et une photocopie, ou copie certifi\u00e9e conforme ;<\/li>\n<li>Copie de l'acte de naissance ou autres documents prouvant la relation (original et une photocopie);<\/li>\n<\/ul>\n<\/li>\n<li>Ayant des m\u00e9rites exceptionnels : Ayant des m\u00e9dailles, distinctions, titres prestigieux d\u00e9cern\u00e9s par le Vietnam, ou les m\u00e9rites de ce personne sont confirm\u00e9s par l'autorit\u00e9 comp\u00e9tente vietnamienne.<\/li>\n<li>\u00c9tant b\u00e9n\u00e9fique pour l'\u00c9tat vietnamien : Ayant un talent exceptionnel confirm\u00e9 par l'autorit\u00e9 administrative au niveau minist\u00e9riel ou ayant re\u00e7u des prix internationaux et montrant une contribution positive \u00e0 long terme au Vietnam ; Entrepreneur, investisseur ayant des activit\u00e9s au Vietnam confirm\u00e9 par l'autorit\u00e9 administrative au niveau minist\u00e9riel comme contribuant positivement et durablement au d\u00e9veloppement du Vietnam.<\/li>\n<\/ul>\n<ol start=\"8\">\n<li>Le demandeur de nationalit\u00e9 vietnamienne souhaitant conserver sa nationalit\u00e9 \u00e9trang\u00e8re doit fournir :<\/li>\n<\/ol>\n<ul>\n<li>Document d\u00e9livr\u00e9 par l'autorit\u00e9 comp\u00e9tente de la France confirmant le maintien de la nationalit\u00e9 fran\u00e7aise en demandant la nationalit\u00e9 Vietnamienne conform\u00e9ment \u00e0 la l\u00e9gislation fran\u00e7aise ou une d\u00e9claration attestant que l'autorit\u00e9 comp\u00e9tente de France ne d\u00e9livre pas ce type de document et que le maintien de la nationalit\u00e9 fran\u00e7aise lors de l'acquisition de la nationalit\u00e9 vietnamienne est conforme \u00e0 la l\u00e9gislation fran\u00e7aise. <a href=\"https:\/\/ambassade-vietnam.com\/wp-content\/uploads\/2025\/09\/Mau-cam-doan.docx\"><strong>TP\/QT-2025-VBC\u0110<\/strong><\/a><\/li>\n<li>Engagement \u00e0 ne pas utiliser la nationalit\u00e9 \u00e9trang\u00e8re pour porter atteinte aux droits et int\u00e9r\u00eats l\u00e9gitimes des organismes, organisations, individus, porter atteinte \u00e0 la s\u00e9curit\u00e9, aux int\u00e9r\u00eats nationaux, \u00e0 l'ordre et \u00e0 la s\u00e9curit\u00e9 sociale de l'\u00c9tat de la R\u00e9publique socialiste du Vietnam.\u00a0 <a href=\"https:\/\/ambassade-vietnam.com\/wp-content\/uploads\/2025\/09\/15.-Mau-Ban-cam-ket.doc\"><strong>TP\/QT-2025-VBCK\u00a0<\/strong><\/a><\/li>\n<\/ul>\n<p><strong>Attention !<\/strong>\u00a0Exigences concernant les documents du dossier :<\/p>\n<ul>\n<li>Les documents d\u00e9livr\u00e9s par l'autorit\u00e9 comp\u00e9tente \u00e9trang\u00e8re (par exemple : casier judiciaire) doivent \u00eatre l\u00e9galis\u00e9s consulairement sauf cas d'exemption de l\u00e9galisation<\/li>\n<li>Les documents en langue \u00e9trang\u00e8re doivent \u00eatre traduits en vietnamien, la traduction doit \u00eatre certifi\u00e9e conforme selon les dispositions de la loi vietnamienne,<\/li>\n<li>Les copies doivent \u00eatre certifi\u00e9es conformes selon les dispositions l\u00e9gales ou pr\u00e9senter l'original pour comparaison<\/li>\n<\/ul>\n<p><strong>Frais de naturalisation :<\/strong>\u00a0selon les dispositions de la Circulaire 264\/2016\/TT-BTC<\/p>\n\n\n<a href=\"\/dat-lich-hen-truc-tuyen\/\" style=\"color: #fff; background-color: #d6aa3a; border-color: transparent; \" onmouseover=\"this.style.color='#000'; this.style.backgroundColor='transparent'; this.style.borderColor='#000'; \" onmouseout=\"this.style.color='#fff'; this.style.backgroundColor='#d6aa3a'; this.style.borderColor='transparent'; \" class=\"button middle colored\">\u0110\u1eb7t l\u1ecbch h\u1eb9n tr\u1ef1c tuy\u1ebfn<\/a>\n\n<p><span style=\"font-size: 18pt\"><strong>DEMANDE DE CERTIFICATION DE LA NATIONALIT\u00c9 <\/strong><\/span><\/p>\n<ol>\n<li><strong> Personnes concern\u00e9es :<\/strong><\/li>\n<\/ol>\n<ul>\n<li>Les personnes disposant de documents prouvant la nationalit\u00e9 vietnamienne ;<\/li>\n<li>Les personnes n\u2019ayant pas perdu la nationalit\u00e9 vietnamienne mais ne disposant pas de documents la prouvant.<\/li>\n<\/ul>\n<ol start=\"2\">\n<li><strong> Le dossier doit comprendre:<\/strong><\/li>\n<\/ol>\n<ul>\n<li>Formulaire <a href=\"https:\/\/ambassade-vietnam.com\/wp-content\/uploads\/2025\/09\/8.-Mau-To-khai-cap-GXNQTVN-1.docx\"><strong>TP\/QT-2025-TKXNQTVN.1<\/strong><\/a><strong>\u00a0 <\/strong>(pour les personnes \u00e2g\u00e9es de 18 ans et plus) ou <a href=\"https:\/\/ambassade-vietnam.com\/wp-content\/uploads\/2025\/09\/9.-Mau-To-khai-cap-GXNQTVN-2.docx\"><strong>TP\/QT-2025-TKXNQTVN.2\u00a0<\/strong><\/a> (pour les personnes de moins de 18 ans) et deux photos d\u2019identit\u00e9 4x6cm r\u00e9centes (prises il y a moins de 6 mois);<\/li>\n<li>Documents d\u2019identit\u00e9 tels que : <strong>carte d\u2019identit\u00e9 citoyenne vietnamienne<\/strong>, carte d\u2019identit\u00e9, <strong>identit\u00e9 \u00e9lectronique<\/strong>, documents de r\u00e9sidence, <strong>titre de s\u00e9jour<\/strong>, laissez-passer, document de voyage international ou tout document d\u2019identification avec photo d\u00e9livr\u00e9 par une autorit\u00e9 comp\u00e9tente (y compris des documents \u00e9trangers) ;<\/li>\n<li>Un des documents prouvant la nationalit\u00e9 vietnamienne [1] ou documents similaires y compris <strong>l\u2019acte de naissance<\/strong> ne mentionnant pas la nationalit\u00e9 ou comportant une rubrique nationalit\u00e9 laiss\u00e9e vide, mais indiquant le nom vietnamien du demandeur ainsi que celui de ses parents.<\/li>\n<li>En l\u2019absence des documents mentionn\u00e9s ci-dessus, le demandeur doit remplir une <strong>d\u00e9claration de parcours personnel (<\/strong><a href=\"https:\/\/ambassade-vietnam.com\/wp-content\/uploads\/2025\/09\/7.-Ban-khai-ly-lich.doc\"><strong>TP\/QT-2025-BKLL<\/strong><\/a><strong>)<\/strong> et fournir <strong>l\u2019un des documents suivants<\/strong> servant de base \u00e0 la v\u00e9rification de la nationalit\u00e9 vietnamienne :<\/li>\n<\/ul>\n<p>Documents relatifs \u00e0 la nationalit\u00e9, \u00e0 l\u2019\u00e9tat civil, au registre de r\u00e9sidence (h\u1ed9 kh\u1ea9u), \u00e0 la carte d\u2019identit\u00e9 ou tout autre document d\u00e9livr\u00e9 par les autorit\u00e9s comp\u00e9tentes du Vietnam ou par les anciennes administrations du Sud ou du Nord du Vietnam \u00e0 diff\u00e9rentes p\u00e9riodes, mentionnant la nationalit\u00e9 vietnamienne ou des informations li\u00e9es \u00e0 la nationalit\u00e9 ou \u00e0 la citoyennet\u00e9 vietnamienne.<\/p>\n<p><strong>R\u00e9ception et traitement du dossier :<\/strong><br \/>\nL\u2019Ambassade re\u00e7oit les dossiers <strong>uniquement sur rendez-vous<\/strong>. Si n\u00e9cessaire, le dossier du demandeur pourra \u00eatre transmis aux autorit\u00e9s comp\u00e9tentes au Vietnam pour v\u00e9rification conform\u00e9ment \u00e0 la r\u00e9glementation en vigueur.<br \/>\nL\u2019Ambassade informera le demandeur du r\u00e9sultat de la v\u00e9rification (<strong>par t\u00e9l\u00e9phone ou par e-mail<\/strong>) d\u00e8s r\u00e9ception de la r\u00e9ponse des autorit\u00e9s comp\u00e9tentes au Vietnam.<\/p>\n<p><strong>[1] Les documents prouvant la nationalit\u00e9 vietnamienne comprennent :<\/strong><\/p>\n<ul>\n<li><strong>Acte de naissance<\/strong> ; si l\u2019acte de naissance ne mentionne pas clairement la nationalit\u00e9 vietnamienne, il doit \u00eatre accompagn\u00e9 d\u2019un document prouvant la nationalit\u00e9 vietnamienne des parents ; extrait d\u2019acte de naissance inscrit au registre de l\u2019\u00e9tat civil ;<\/li>\n<li><strong>Carte d\u2019identit\u00e9 vietnamienne<\/strong><\/li>\n<li><strong>Passeport vietnamien<\/strong>;<\/li>\n<li>D\u00e9cision de <strong>naturalisation vietnamienne<\/strong>, d\u00e9cision de <strong>r\u00e9int\u00e9gration dans la nationalit\u00e9 vietnamienne<\/strong>, d\u00e9cision reconnaissant l\u2019<strong>adoption d\u2019un enfant \u00e9tranger<\/strong>, d\u00e9cision autorisant un \u00e9tranger \u00e0 adopter un enfant vietnamien ;<\/li>\n<li><strong>Attestation de nationalit\u00e9 vietnamienne<\/strong> d\u00e9livr\u00e9e conform\u00e9ment \u00e0 l\u2019article 30 du <strong>D\u00e9cret n\u00b0191\/2025\/N\u0110-CP<\/strong>.<\/li>\n<\/ul>\n\n\n<a href=\"\/dat-lich-hen-truc-tuyen\/\" style=\"color: #fff; background-color: #d6aa3a; border-color: transparent; \" onmouseover=\"this.style.color='#000'; this.style.backgroundColor='transparent'; this.style.borderColor='#000'; \" onmouseout=\"this.style.color='#fff'; this.style.backgroundColor='#d6aa3a'; this.style.borderColor='transparent'; \" class=\"button middle colored\">\u0110\u1eb7t l\u1ecbch h\u1eb9n tr\u1ef1c tuy\u1ebfn<\/a>\n\n<table style=\"border-collapse: collapse;width: 100%\">\n<tbody>\n<tr>\n<td style=\"width: 100%\"><span style=\"text-decoration: underline\"><strong>Contact:<\/strong><\/span><\/p>\n<p><strong>T\u00e9l\u00e9phone: 01 44 14 64 26 (uniquement apr\u00e8s-midi des lundis, mardis et mercredis de 14h00-17h00)<\/strong><br \/>\n<strong>Email: ls1@ambassade-vietnam.fr<\/strong><br \/>\n<strong>Ambassade du Vietnam<\/strong><br \/>\n<strong>Service Nationalit\u00e9 - Passeport<\/strong><br \/>\n<strong>61, rue de Miromesnil 75008 PARIS<\/strong><\/td>\n<\/tr>\n<\/tbody>\n<\/table>\n","protected":false},"excerpt":{"rendered":"<p>PROC\u00c9DURE D&rsquo;ACQUISITION DE LA NATIONALIT\u00c9 VIETNAMIENNE Personnes pouvant d\u00e9poser un dossier \u00e0 l&rsquo;Ambassade du Vietnam en France : Les citoyens \u00e9trangers et les apatrides r\u00e9sidant en France et dans les pays dont l&rsquo;Ambassade du Vietnam en France a la charge : L\u2019un des deux parents biologique est citoyen vietnamien ou Les grands-parents paternels ou maternels [&hellip;]<\/p>\n","protected":false},"author":1,"featured_media":0,"parent":0,"menu_order":0,"comment_status":"closed","ping_status":"closed","template":"","meta":{"footnotes":""},"class_list":["post-518","page","type-page","status-publish","hentry"],"yoast_head":"<!-- This site is optimized with the Yoast SEO plugin v27.4 - https:\/\/yoast.com\/product\/yoast-seo-wordpress\/ -->\n<title>Nationalit\u00e9 - Ambassade de la r\u00e9publique socialiste du Vietnam en France<\/title>\n<meta name=\"robots\" content=\"index, follow, max-snippet:-1, max-image-preview:large, max-video-preview:-1\" \/>\n<link rel=\"canonical\" href=\"https:\/\/ambassade-vietnam.com\/fr\/nationalite\/\" \/>\n<meta property=\"og:locale\" content=\"fr_FR\" \/>\n<meta property=\"og:type\" content=\"article\" \/>\n<meta property=\"og:title\" content=\"Nationalit\u00e9 - Ambassade de la r\u00e9publique socialiste du Vietnam en France\" \/>\n<meta property=\"og:description\" content=\"PROC\u00c9DURE D&#039;ACQUISITION DE LA NATIONALIT\u00c9 VIETNAMIENNE Personnes pouvant d\u00e9poser un dossier \u00e0 l&#039;Ambassade du Vietnam en France : Les citoyens \u00e9trangers et les apatrides r\u00e9sidant en France et dans les pays dont l&#039;Ambassade du Vietnam en France a la charge : L\u2019un des deux parents biologique est citoyen vietnamien ou Les grands-parents paternels ou maternels [&hellip;]\" \/>\n<meta property=\"og:url\" content=\"https:\/\/ambassade-vietnam.com\/fr\/nationalite\/\" \/>\n<meta property=\"og:site_name\" content=\"Ambassade de la r\u00e9publique socialiste du Vietnam en France\" \/>\n<meta property=\"article:modified_time\" content=\"2026-04-07T14:48:26+00:00\" \/>\n<meta name=\"twitter:card\" content=\"summary_large_image\" \/>\n<script type=\"application\/ld+json\" class=\"yoast-schema-graph\">{\"@context\":\"https:\\\/\\\/schema.org\",\"@graph\":[{\"@type\":\"WebPage\",\"@id\":\"https:\\\/\\\/ambassade-vietnam.com\\\/fr\\\/nationalite\\\/\",\"url\":\"https:\\\/\\\/ambassade-vietnam.com\\\/fr\\\/nationalite\\\/\",\"name\":\"Nationalit\u00e9 - Ambassade de la r\u00e9publique socialiste du Vietnam en France\",\"isPartOf\":{\"@id\":\"https:\\\/\\\/ambassade-vietnam.com\\\/fr\\\/#website\"},\"datePublished\":\"2019-12-17T03:51:49+00:00\",\"dateModified\":\"2026-04-07T14:48:26+00:00\",\"breadcrumb\":{\"@id\":\"https:\\\/\\\/ambassade-vietnam.com\\\/fr\\\/nationalite\\\/#breadcrumb\"},\"inLanguage\":\"fr-FR\",\"potentialAction\":[{\"@type\":\"ReadAction\",\"target\":[\"https:\\\/\\\/ambassade-vietnam.com\\\/fr\\\/nationalite\\\/\"]}]},{\"@type\":\"BreadcrumbList\",\"@id\":\"https:\\\/\\\/ambassade-vietnam.com\\\/fr\\\/nationalite\\\/#breadcrumb\",\"itemListElement\":[{\"@type\":\"ListItem\",\"position\":1,\"name\":\"Home\",\"item\":\"https:\\\/\\\/ambassade-vietnam.com\\\/fr\\\/\"},{\"@type\":\"ListItem\",\"position\":2,\"name\":\"Nationalit\u00e9\"}]},{\"@type\":\"WebSite\",\"@id\":\"https:\\\/\\\/ambassade-vietnam.com\\\/fr\\\/#website\",\"url\":\"https:\\\/\\\/ambassade-vietnam.com\\\/fr\\\/\",\"name\":\"Ambassade de la r\u00e9publique socialiste du Vietnam en France\",\"description\":\"\",\"potentialAction\":[{\"@type\":\"SearchAction\",\"target\":{\"@type\":\"EntryPoint\",\"urlTemplate\":\"https:\\\/\\\/ambassade-vietnam.com\\\/fr\\\/?s={search_term_string}\"},\"query-input\":{\"@type\":\"PropertyValueSpecification\",\"valueRequired\":true,\"valueName\":\"search_term_string\"}}],\"inLanguage\":\"fr-FR\"}]}<\/script>\n<!-- \/ Yoast SEO plugin. -->","yoast_head_json":{"title":"Nationalit\u00e9 - Ambassade de la r\u00e9publique socialiste du Vietnam en France","robots":{"index":"index","follow":"follow","max-snippet":"max-snippet:-1","max-image-preview":"max-image-preview:large","max-video-preview":"max-video-preview:-1"},"canonical":"https:\/\/ambassade-vietnam.com\/fr\/nationalite\/","og_locale":"fr_FR","og_type":"article","og_title":"Nationalit\u00e9 - Ambassade de la r\u00e9publique socialiste du Vietnam en France","og_description":"PROC\u00c9DURE D'ACQUISITION DE LA NATIONALIT\u00c9 VIETNAMIENNE Personnes pouvant d\u00e9poser un dossier \u00e0 l'Ambassade du Vietnam en France : Les citoyens \u00e9trangers et les apatrides r\u00e9sidant en France et dans les pays dont l'Ambassade du Vietnam en France a la charge : L\u2019un des deux parents biologique est citoyen vietnamien ou Les grands-parents paternels ou maternels [&hellip;]","og_url":"https:\/\/ambassade-vietnam.com\/fr\/nationalite\/","og_site_name":"Ambassade de la r\u00e9publique socialiste du Vietnam en France","article_modified_time":"2026-04-07T14:48:26+00:00","twitter_card":"summary_large_image","schema":{"@context":"https:\/\/schema.org","@graph":[{"@type":"WebPage","@id":"https:\/\/ambassade-vietnam.com\/fr\/nationalite\/","url":"https:\/\/ambassade-vietnam.com\/fr\/nationalite\/","name":"Nationalit\u00e9 - Ambassade de la r\u00e9publique socialiste du Vietnam en France","isPartOf":{"@id":"https:\/\/ambassade-vietnam.com\/fr\/#website"},"datePublished":"2019-12-17T03:51:49+00:00","dateModified":"2026-04-07T14:48:26+00:00","breadcrumb":{"@id":"https:\/\/ambassade-vietnam.com\/fr\/nationalite\/#breadcrumb"},"inLanguage":"fr-FR","potentialAction":[{"@type":"ReadAction","target":["https:\/\/ambassade-vietnam.com\/fr\/nationalite\/"]}]},{"@type":"BreadcrumbList","@id":"https:\/\/ambassade-vietnam.com\/fr\/nationalite\/#breadcrumb","itemListElement":[{"@type":"ListItem","position":1,"name":"Home","item":"https:\/\/ambassade-vietnam.com\/fr\/"},{"@type":"ListItem","position":2,"name":"Nationalit\u00e9"}]},{"@type":"WebSite","@id":"https:\/\/ambassade-vietnam.com\/fr\/#website","url":"https:\/\/ambassade-vietnam.com\/fr\/","name":"Ambassade de la r\u00e9publique socialiste du Vietnam en France","description":"","potentialAction":[{"@type":"SearchAction","target":{"@type":"EntryPoint","urlTemplate":"https:\/\/ambassade-vietnam.com\/fr\/?s={search_term_string}"},"query-input":{"@type":"PropertyValueSpecification","valueRequired":true,"valueName":"search_term_string"}}],"inLanguage":"fr-FR"}]}},"_links":{"self":[{"href":"https:\/\/ambassade-vietnam.com\/fr\/wp-json\/wp\/v2\/pages\/518","targetHints":{"allow":["GET"]}}],"collection":[{"href":"https:\/\/ambassade-vietnam.com\/fr\/wp-json\/wp\/v2\/pages"}],"about":[{"href":"https:\/\/ambassade-vietnam.com\/fr\/wp-json\/wp\/v2\/types\/page"}],"author":[{"embeddable":true,"href":"https:\/\/ambassade-vietnam.com\/fr\/wp-json\/wp\/v2\/users\/1"}],"replies":[{"embeddable":true,"href":"https:\/\/ambassade-vietnam.com\/fr\/wp-json\/wp\/v2\/comments?post=518"}],"version-history":[{"count":9,"href":"https:\/\/ambassade-vietnam.com\/fr\/wp-json\/wp\/v2\/pages\/518\/revisions"}],"predecessor-version":[{"id":1397,"href":"https:\/\/ambassade-vietnam.com\/fr\/wp-json\/wp\/v2\/pages\/518\/revisions\/1397"}],"wp:attachment":[{"href":"https:\/\/ambassade-vietnam.com\/fr\/wp-json\/wp\/v2\/media?parent=518"}],"curies":[{"name":"wp","href":"https:\/\/api.w.org\/{rel}","templated":true}]}}