{"id":516,"date":"2019-12-17T04:51:29","date_gmt":"2019-12-17T03:51:29","guid":{"rendered":"https:\/\/ambassade-vietnam.com\/fr\/?page_id=516"},"modified":"2022-04-04T00:04:12","modified_gmt":"2022-04-03T22:04:12","slug":"sans-visa-visa-de-5-ans","status":"publish","type":"page","link":"https:\/\/ambassade-vietnam.com\/fr\/sans-visa-visa-de-5-ans\/","title":{"rendered":"Exemption de Visa (Visa de 5 ans)"},"content":{"rendered":"<p style=\"text-align: center\"><strong>PROCEDURE DE DEMANDE DU CERTIFICAT D\u2019EXEMTION DE VISA<\/strong><\/p>\n<p style=\"text-align: center\"><strong>(VISA DE 5 ANS)<\/strong><\/p>\n<ol>\n<li><strong>Demandeurs \u00e9ligibles\u00a0:<\/strong><\/li>\n<\/ol>\n<ul>\n<li>Ressortissants vietnamiens vivant \u00e0 l'\u00e9tranger et Ressortissants \u00e9trangers d\u2019origine vietnamienne<\/li>\n<li>Epoux\/ enfants des ressortissants vietnamiens ou \u00e9trangers d\u2019origine vietnamienne<\/li>\n<\/ul>\n<p>&nbsp;<\/p>\n<ol start=\"2\">\n<li><strong>Dossier \u00e0 d\u00e9poser\u00a0:<\/strong><\/li>\n<\/ol>\n<ol>\n<li style=\"list-style-type: none\">\n<ol>\n<li>01 formulaire de demande du certificat d\u2019exemption de visa \u00a0<a href=\"https:\/\/ambassade-vietnam.com\/wp-content\/uploads\/2019\/09\/T\u1edd-khai-\u0111\u1ec1-ngh\u1ecb-c\u1ea5p-c\u1ea5p-l\u1ea1i-gi\u1ea5y-mi\u1ec5n-th\u1ecb-th\u1ef1c-NA9-1.pdf\">(Formulaire NA9<\/a><u>)<\/u><\/li>\n<li>02 photos d\u2019identit\u00e9 4x6 cm (dont 01 appos\u00e9e sur le formulaire);<\/li>\n<li>Passeport \u00e9tranger ou titre tenant lieu du passeport dont la validit\u00e9 est au moins \u00e9gale \u00e0 6 mois \u00e0 compter de la date d\u2019entr\u00e9e sur le territoire vietnamien et une copie de ce document pour archives\u00a0;<\/li>\n<li>Un des documents suivants\u00a0:<\/li>\n<\/ol>\n<\/li>\n<\/ol>\n<ul>\n<li>Certificat de la nationalit\u00e9 vietnamienne<\/li>\n<li>Copie ou extrait de la D\u00e9cision de r\u00e9attribution de la nationalit\u00e9 vietnamienne;<br \/>\nCopie ou extrait de l\u2019Autorisation de renonciation \u00e0 la nationalit\u00e9 vietnamienne;<br \/>\nCertificat de perte de la nationalit\u00e9 vietnamienne<\/li>\n<li>Passeport vietnamien (en validit\u00e9 ou p\u00e9rim\u00e9);<\/li>\n<li>Carte d\u2019identit\u00e9 vietnamienne (en validit\u00e9 ou p\u00e9rim\u00e9)\u00a0;<\/li>\n<li>Acte de naissance;<\/li>\n<li>Carte d\u2019\u00e9lecteur ;<\/li>\n<li>Livret de r\u00e9sidence ;<\/li>\n<li>Laissez - passez d\u00e9livr\u00e9 par le Gouvernement sud-vietnamien avant 1975 ;<\/li>\n<li>Carte d\u2019identit\u00e9 vietnamienne d\u00e9livr\u00e9e par le Gouvernement sud-vietnamien avant 1975<\/li>\n<li>Extrait d\u2019acte de naissance d\u00e9livr\u00e9 par le Gouvernement sud-vietnamien avant 1975;<\/li>\n<li>Documents \u00e9mis par les autorit\u00e9s comp\u00e9tentes \u00e9trang\u00e8res et mentionnant l\u2019origine vietnamienne ou la nationalit\u00e9 d\u2019origine vietnamienne du titulaire<\/li>\n<li>Documents justifiant les relations familiales avec un ressortissant vietnamien (acte de mariage, acte de naissance)<\/li>\n<\/ul>\n<p>* Si le demandeur ne dispose d\u2019aucun document ci-mentionn\u00e9, il peut fournir :<\/p>\n<p>- une lettre de garantie d\u2019une association des Vietnamiens du pays de r\u00e9sidence (selon le mod\u00e8le stipul\u00e9 par la loi)<\/p>\n<p>- une lettre de garantie d\u2019un citoyen vietnamien (selon le mod\u00e8le stipul\u00e9 par la loi)<\/p>\n<p>&nbsp;<\/p>\n<ol start=\"3\">\n<li><strong><u>Frais \u00e0 payer:<\/u><\/strong><\/li>\n<\/ol>\n<ul>\n<li>Frais d\u2019\u00e9mission du certificat d\u2019exemption de visa (\u00e0 consulter la circulaire 264 BTC)<\/li>\n<li>Frais de traduction et de copie des documents si n\u00e9cessaire<\/li>\n<li>Frais de v\u00e9rification de l\u2019authenticit\u00e9 des documents si n\u00e9cessaire<\/li>\n<li>Frais postaux pour le retour du passeport<\/li>\n<li>Pour les dossiers envoy\u00e9s par la voie postale, seuls les ch\u00e8ques sont accept\u00e9s et le titulaire du ch\u00e8que doit \u00eatre le demandeur ou sa famille (\u00e9poux, parents, enfants)<\/li>\n<\/ul>\n<ol>\n<li style=\"list-style-type: none\">\n<ol start=\"4\">\n<li><strong>4<\/strong>. <strong><u>D\u00e9p\u00f4t du dossier<\/u><\/strong>: Le lundi matin, le mardi matin et le jeudi matin<\/li>\n<\/ol>\n<\/li>\n<\/ol>\n<p><a href=\"https:\/\/ambassade-vietnam.com\/fr\/reservation-en-ligne\/\">Veuillez bien prendre RDV avant de venir d\u00e9poser le dossier<\/a>.<\/p>\n\n\n<a href=\"\/dat-lich-hen-truc-tuyen\/\" style=\"color: #fff; background-color: #d6aa3a; border-color: transparent; \" onmouseover=\"this.style.color='#000'; this.style.backgroundColor='transparent'; this.style.borderColor='#000'; \" onmouseout=\"this.style.color='#fff'; this.style.backgroundColor='#d6aa3a'; this.style.borderColor='transparent'; \" class=\"button middle colored\">\u0110\u1eb7t l\u1ecbch h\u1eb9n tr\u1ef1c tuy\u1ebfn<\/a>\n\n","protected":false},"excerpt":{"rendered":"<p>PROCEDURE DE DEMANDE DU CERTIFICAT D\u2019EXEMTION DE VISA (VISA DE 5 ANS) Demandeurs \u00e9ligibles\u00a0: Ressortissants vietnamiens vivant \u00e0 l&rsquo;\u00e9tranger et Ressortissants \u00e9trangers d\u2019origine vietnamienne Epoux\/ enfants des ressortissants vietnamiens ou \u00e9trangers d\u2019origine vietnamienne &nbsp; Dossier \u00e0 d\u00e9poser\u00a0: 01 formulaire de demande du certificat d\u2019exemption de visa \u00a0(Formulaire NA9) 02 photos d\u2019identit\u00e9 4&#215;6 cm (dont 01 [&hellip;]<\/p>\n","protected":false},"author":1,"featured_media":0,"parent":0,"menu_order":0,"comment_status":"closed","ping_status":"closed","template":"","meta":{"footnotes":""},"class_list":["post-516","page","type-page","status-publish","hentry"],"yoast_head":"<!-- This site is optimized with the Yoast SEO plugin v27.4 - https:\/\/yoast.com\/product\/yoast-seo-wordpress\/ -->\n<title>Exemption de Visa (Visa de 5 ans) - Ambassade de la r\u00e9publique socialiste du Vietnam en France<\/title>\n<meta name=\"robots\" content=\"index, follow, max-snippet:-1, max-image-preview:large, max-video-preview:-1\" \/>\n<link rel=\"canonical\" href=\"https:\/\/ambassade-vietnam.com\/fr\/sans-visa-visa-de-5-ans\/\" \/>\n<meta property=\"og:locale\" content=\"fr_FR\" \/>\n<meta property=\"og:type\" content=\"article\" \/>\n<meta property=\"og:title\" content=\"Exemption de Visa (Visa de 5 ans) - Ambassade de la r\u00e9publique socialiste du Vietnam en France\" \/>\n<meta property=\"og:description\" content=\"PROCEDURE DE DEMANDE DU CERTIFICAT D\u2019EXEMTION DE VISA (VISA DE 5 ANS) Demandeurs \u00e9ligibles\u00a0: Ressortissants vietnamiens vivant \u00e0 l&#039;\u00e9tranger et Ressortissants \u00e9trangers d\u2019origine vietnamienne Epoux\/ enfants des ressortissants vietnamiens ou \u00e9trangers d\u2019origine vietnamienne &nbsp; Dossier \u00e0 d\u00e9poser\u00a0: 01 formulaire de demande du certificat d\u2019exemption de visa \u00a0(Formulaire NA9) 02 photos d\u2019identit\u00e9 4x6 cm (dont 01 [&hellip;]\" \/>\n<meta property=\"og:url\" content=\"https:\/\/ambassade-vietnam.com\/fr\/sans-visa-visa-de-5-ans\/\" \/>\n<meta property=\"og:site_name\" content=\"Ambassade de la r\u00e9publique socialiste du Vietnam en France\" \/>\n<meta property=\"article:modified_time\" content=\"2022-04-03T22:04:12+00:00\" \/>\n<meta name=\"twitter:card\" content=\"summary_large_image\" \/>\n<script type=\"application\/ld+json\" class=\"yoast-schema-graph\">{\"@context\":\"https:\\\/\\\/schema.org\",\"@graph\":[{\"@type\":\"WebPage\",\"@id\":\"https:\\\/\\\/ambassade-vietnam.com\\\/fr\\\/sans-visa-visa-de-5-ans\\\/\",\"url\":\"https:\\\/\\\/ambassade-vietnam.com\\\/fr\\\/sans-visa-visa-de-5-ans\\\/\",\"name\":\"Exemption de Visa (Visa de 5 ans) - Ambassade de la r\u00e9publique socialiste du Vietnam en France\",\"isPartOf\":{\"@id\":\"https:\\\/\\\/ambassade-vietnam.com\\\/fr\\\/#website\"},\"datePublished\":\"2019-12-17T03:51:29+00:00\",\"dateModified\":\"2022-04-03T22:04:12+00:00\",\"breadcrumb\":{\"@id\":\"https:\\\/\\\/ambassade-vietnam.com\\\/fr\\\/sans-visa-visa-de-5-ans\\\/#breadcrumb\"},\"inLanguage\":\"fr-FR\",\"potentialAction\":[{\"@type\":\"ReadAction\",\"target\":[\"https:\\\/\\\/ambassade-vietnam.com\\\/fr\\\/sans-visa-visa-de-5-ans\\\/\"]}]},{\"@type\":\"BreadcrumbList\",\"@id\":\"https:\\\/\\\/ambassade-vietnam.com\\\/fr\\\/sans-visa-visa-de-5-ans\\\/#breadcrumb\",\"itemListElement\":[{\"@type\":\"ListItem\",\"position\":1,\"name\":\"Home\",\"item\":\"https:\\\/\\\/ambassade-vietnam.com\\\/fr\\\/\"},{\"@type\":\"ListItem\",\"position\":2,\"name\":\"Exemption de Visa (Visa de 5 ans)\"}]},{\"@type\":\"WebSite\",\"@id\":\"https:\\\/\\\/ambassade-vietnam.com\\\/fr\\\/#website\",\"url\":\"https:\\\/\\\/ambassade-vietnam.com\\\/fr\\\/\",\"name\":\"Ambassade de la r\u00e9publique socialiste du Vietnam en France\",\"description\":\"\",\"potentialAction\":[{\"@type\":\"SearchAction\",\"target\":{\"@type\":\"EntryPoint\",\"urlTemplate\":\"https:\\\/\\\/ambassade-vietnam.com\\\/fr\\\/?s={search_term_string}\"},\"query-input\":{\"@type\":\"PropertyValueSpecification\",\"valueRequired\":true,\"valueName\":\"search_term_string\"}}],\"inLanguage\":\"fr-FR\"}]}<\/script>\n<!-- \/ Yoast SEO plugin. -->","yoast_head_json":{"title":"Exemption de Visa (Visa de 5 ans) - Ambassade de la r\u00e9publique socialiste du Vietnam en France","robots":{"index":"index","follow":"follow","max-snippet":"max-snippet:-1","max-image-preview":"max-image-preview:large","max-video-preview":"max-video-preview:-1"},"canonical":"https:\/\/ambassade-vietnam.com\/fr\/sans-visa-visa-de-5-ans\/","og_locale":"fr_FR","og_type":"article","og_title":"Exemption de Visa (Visa de 5 ans) - Ambassade de la r\u00e9publique socialiste du Vietnam en France","og_description":"PROCEDURE DE DEMANDE DU CERTIFICAT D\u2019EXEMTION DE VISA (VISA DE 5 ANS) Demandeurs \u00e9ligibles\u00a0: Ressortissants vietnamiens vivant \u00e0 l'\u00e9tranger et Ressortissants \u00e9trangers d\u2019origine vietnamienne Epoux\/ enfants des ressortissants vietnamiens ou \u00e9trangers d\u2019origine vietnamienne &nbsp; Dossier \u00e0 d\u00e9poser\u00a0: 01 formulaire de demande du certificat d\u2019exemption de visa \u00a0(Formulaire NA9) 02 photos d\u2019identit\u00e9 4x6 cm (dont 01 [&hellip;]","og_url":"https:\/\/ambassade-vietnam.com\/fr\/sans-visa-visa-de-5-ans\/","og_site_name":"Ambassade de la r\u00e9publique socialiste du Vietnam en France","article_modified_time":"2022-04-03T22:04:12+00:00","twitter_card":"summary_large_image","schema":{"@context":"https:\/\/schema.org","@graph":[{"@type":"WebPage","@id":"https:\/\/ambassade-vietnam.com\/fr\/sans-visa-visa-de-5-ans\/","url":"https:\/\/ambassade-vietnam.com\/fr\/sans-visa-visa-de-5-ans\/","name":"Exemption de Visa (Visa de 5 ans) - Ambassade de la r\u00e9publique socialiste du Vietnam en France","isPartOf":{"@id":"https:\/\/ambassade-vietnam.com\/fr\/#website"},"datePublished":"2019-12-17T03:51:29+00:00","dateModified":"2022-04-03T22:04:12+00:00","breadcrumb":{"@id":"https:\/\/ambassade-vietnam.com\/fr\/sans-visa-visa-de-5-ans\/#breadcrumb"},"inLanguage":"fr-FR","potentialAction":[{"@type":"ReadAction","target":["https:\/\/ambassade-vietnam.com\/fr\/sans-visa-visa-de-5-ans\/"]}]},{"@type":"BreadcrumbList","@id":"https:\/\/ambassade-vietnam.com\/fr\/sans-visa-visa-de-5-ans\/#breadcrumb","itemListElement":[{"@type":"ListItem","position":1,"name":"Home","item":"https:\/\/ambassade-vietnam.com\/fr\/"},{"@type":"ListItem","position":2,"name":"Exemption de Visa (Visa de 5 ans)"}]},{"@type":"WebSite","@id":"https:\/\/ambassade-vietnam.com\/fr\/#website","url":"https:\/\/ambassade-vietnam.com\/fr\/","name":"Ambassade de la r\u00e9publique socialiste du Vietnam en France","description":"","potentialAction":[{"@type":"SearchAction","target":{"@type":"EntryPoint","urlTemplate":"https:\/\/ambassade-vietnam.com\/fr\/?s={search_term_string}"},"query-input":{"@type":"PropertyValueSpecification","valueRequired":true,"valueName":"search_term_string"}}],"inLanguage":"fr-FR"}]}},"_links":{"self":[{"href":"https:\/\/ambassade-vietnam.com\/fr\/wp-json\/wp\/v2\/pages\/516","targetHints":{"allow":["GET"]}}],"collection":[{"href":"https:\/\/ambassade-vietnam.com\/fr\/wp-json\/wp\/v2\/pages"}],"about":[{"href":"https:\/\/ambassade-vietnam.com\/fr\/wp-json\/wp\/v2\/types\/page"}],"author":[{"embeddable":true,"href":"https:\/\/ambassade-vietnam.com\/fr\/wp-json\/wp\/v2\/users\/1"}],"replies":[{"embeddable":true,"href":"https:\/\/ambassade-vietnam.com\/fr\/wp-json\/wp\/v2\/comments?post=516"}],"version-history":[{"count":6,"href":"https:\/\/ambassade-vietnam.com\/fr\/wp-json\/wp\/v2\/pages\/516\/revisions"}],"predecessor-version":[{"id":890,"href":"https:\/\/ambassade-vietnam.com\/fr\/wp-json\/wp\/v2\/pages\/516\/revisions\/890"}],"wp:attachment":[{"href":"https:\/\/ambassade-vietnam.com\/fr\/wp-json\/wp\/v2\/media?parent=516"}],"curies":[{"name":"wp","href":"https:\/\/api.w.org\/{rel}","templated":true}]}}