{"id":514,"date":"2019-12-17T04:51:05","date_gmt":"2019-12-17T03:51:05","guid":{"rendered":"https:\/\/ambassade-vietnam.com\/fr\/?page_id=514"},"modified":"2020-03-05T14:26:12","modified_gmt":"2020-03-05T13:26:12","slug":"passeport-perdu","status":"publish","type":"page","link":"https:\/\/ambassade-vietnam.com\/fr\/passeport-perdu\/","title":{"rendered":"Perte de Passeport"},"content":{"rendered":"<p>EN CAS DE PERTE OU VOL DE PASSEPORT<\/p>\n<p>&nbsp;<\/p>\n<p>En cas de perte ou de vol de passeport, vous devez en faire la d\u00e9claration aupr\u00e8s d\u2019un commissariat de police et de l\u2019Ambassade du Vietnam au pays du lieu de vol ou perte ou du D\u00e9partement consulaire du Minist\u00e8re des Affaires Etrang\u00e8res, qui vous fournira des renseignements n\u00e9cessaires.<\/p>\n<p>&nbsp;<\/p>\n<p><u>D\u00e9marches \u00e0 accomplir\u00a0:<\/u><\/p>\n<ol>\n<li>Faites imm\u00e9diatement une d\u00e9claration de perte ou de vol aupr\u00e8s du commissariat de police le plus proche et demander une attestation de la police sur ce fait;<\/li>\n<li>T\u00e9l\u00e9chargez de notre site le formulaire de d\u00e9claration de perte\/ vol de passeport (Formualire X08-2016), le remplissez dument avant de l\u2019envoyer par mail au D\u00e9partement consulaire \u00e0 l\u2019adresse: cls.mfa@mofa.gov.vn ou le d\u00e9poser avec 3 photos d\u2019identit\u00e9 de format 4x6 cm \u00e0 l\u2019Ambassade du Vietnam ;<\/li>\n<li><u>Apportez avec vous les copies (ou originaux) des papiers d\u2019identit\u00e9 <\/u>(passeport p\u00e9rim\u00e9, carte d\u2019identit\u00e9, acte de naissance, livret de r\u00e9sidence,\u2026)<\/li>\n<li>Pr\u00e9sentez-vous en personne \u00e0 l\u2019Ambassade pour d\u00e9poser le dossier pendant les horaires de travail (sans avoir \u00e0 prendre RDV).<\/li>\n<\/ol>\n<p><u>Traitement du dossier par l\u2019Ambassade du Vietnam en France:<\/u><\/p>\n<ol>\n<li>Si vous fournissez les papiers permettant de prouver votre nationalit\u00e9 vietnamienne, \u00e0 savoir la carte d\u2019identit\u00e9 vietnamienne (originale), l\u2019acte de naissance, le livret de r\u00e9sidence (original ou copie certifi\u00e9e conforme), les preuves de votre d\u00e9part du Vietnam et de votre arriv\u00e9e en France (billet d\u2019avion, cartes d\u2019embarquement, formulaire de douane), l\u2019Ambassade du Vietnam en France vous \u00e9mettra: i) le nouveau passeport dans le d\u00e9lai de 5 jours ouvrables, si vous devez vous rendre dans un autre pays. ii) le laissez-passez dans le d\u00e9lais de 24h si vous retournez au Vietnam.<\/li>\n<li>Si vous \u00eates en France dans le cadre d\u2019un voyage organis\u00e9 ou d\u2019une mission, les autres membres de votre groupe, munis de leur passeports, peuvent pr\u00e9senter leur t\u00e9moignage de votre nationalit\u00e9 vietnamienne, de votre d\u00e9part et arriv\u00e9e. Dans ce cas, l\u2019Ambassade vous \u00e9mettra le laissez passez dans le d\u00e9lai de 24h pour vous permettre de retourner au Vietnam.<\/li>\n<li>Si vous n\u2019avez pas de papiers et n\u2019\u00eates pas dans aucun cas ci-dessus, l\u2019Ambassade doit entamer les d\u00e9marches de v\u00e9rification de vos donn\u00e9es personnelles aupr\u00e8s du D\u00e9partement de l\u2019Immigration. Et dans un d\u00e9lais de 5 jours ouvrable \u00e0 compter de la r\u00e9ception de la r\u00e9ponse du D\u00e9partement de l\u2019Immigration, l\u2019Ambassade vous \u00e9mettra soit le nouveau passeport, soit le laissez passez.<\/li>\n<\/ol>\n<p><u>Recommandations aux citoyens vietnamiens en France:<\/u><\/p>\n<ol>\n<li>Ces derniers temps, les vols, cambriolages, pillages \u00e0 l\u2019encontre des touristes \u00e9trangers, notamment asiatiques, ont tendance \u00e0 croitre \u00e0 Paris et dans les grandes villes de France. Nous vous recommandons de bien vous pr\u00e9parer au voyage, d\u2019apprendre \u00e0 vous prot\u00e9ger et de vous munir, avant votre d\u00e9part, de copies certifi\u00e9es conformes ou num\u00e9riques des papiers d\u2019identit\u00e9 tels que passeport, carte d\u2019identit\u00e9, acte de naissance, livret de r\u00e9sidence. Nous vous invitons \u00e9galement \u00e0 scanner ou photographier le visa sur votre passeport, les cachets de sortie du Vietnam et d\u2019entr\u00e9e en France.<\/li>\n<li>Une fois que votre d\u00e9claration de perte ou de vol de passeport est parvenu au D\u00e9partement consulaire ou \u00e0 l\u2019Ambassade, votre passeport est annul\u00e9 automatiquement. Vous ne pouvez plus vous servir de ce passeport si vous le retrouvez. Vous devez vous pr\u00e9senter \u00e0 l\u2019Ambassade pour d\u00e9poser un dossier de demande de nouveau passeport.<\/li>\n<li>Pour les Vietnamiens r\u00e9sidents en France ou y s\u00e9journant plus de 20 jours, pour raccourcir le temps de v\u00e9rification, vous pouvez demander au D\u00e9partement de l\u2019Immigration l\u2019Attestation d\u2019identit\u00e9 selon les d\u00e9marches indiqu\u00e9es <a href=\"http:\/\/bocongan.gov.vn\/TTHC\/Pages\/chi-tiet.aspx?itemID=705\"><u>ici<\/u><\/a>.<\/li>\n<\/ol>\n<p>&nbsp;<\/p>\n<table width=\"643\">\n<tbody>\n<tr>\n<td width=\"643\">Contact en cas de perte ou de vol de passeport<\/p>\n<p>Tel: 01 44 14 64 00\/ 01 44 14 64 44\/01 44 14 64 26<\/p>\n<p>Email: <a href=\"mailto:ls1@ambassade-vietnam.fr\">ls1@ambassade-vietnam.fr<\/a><\/p>\n<p>ou\/et <a href=\"mailto:urgent@ambassade-vietnam.fr\">urgent@ambassade-vietnam.fr<\/a><\/td>\n<\/tr>\n<\/tbody>\n<\/table>\n<p>&nbsp;<\/p>\n","protected":false},"excerpt":{"rendered":"<p>EN CAS DE PERTE OU VOL DE PASSEPORT &nbsp; En cas de perte ou de vol de passeport, vous devez en faire la d\u00e9claration aupr\u00e8s d\u2019un commissariat de police et de l\u2019Ambassade du Vietnam au pays du lieu de vol ou perte ou du D\u00e9partement consulaire du Minist\u00e8re des Affaires Etrang\u00e8res, qui vous fournira des [&hellip;]<\/p>\n","protected":false},"author":1,"featured_media":0,"parent":0,"menu_order":0,"comment_status":"closed","ping_status":"closed","template":"","meta":{"footnotes":""},"class_list":["post-514","page","type-page","status-publish","hentry"],"yoast_head":"<!-- This site is optimized with the Yoast SEO plugin v27.3 - https:\/\/yoast.com\/product\/yoast-seo-wordpress\/ -->\n<title>Perte de Passeport - Ambassade de la r\u00e9publique socialiste du Vietnam en France<\/title>\n<meta name=\"robots\" content=\"index, follow, max-snippet:-1, max-image-preview:large, max-video-preview:-1\" \/>\n<link rel=\"canonical\" href=\"https:\/\/ambassade-vietnam.com\/fr\/passeport-perdu\/\" \/>\n<meta property=\"og:locale\" content=\"fr_FR\" \/>\n<meta property=\"og:type\" content=\"article\" \/>\n<meta property=\"og:title\" content=\"Perte de Passeport - Ambassade de la r\u00e9publique socialiste du Vietnam en France\" \/>\n<meta property=\"og:description\" content=\"EN CAS DE PERTE OU VOL DE PASSEPORT &nbsp; En cas de perte ou de vol de passeport, vous devez en faire la d\u00e9claration aupr\u00e8s d\u2019un commissariat de police et de l\u2019Ambassade du Vietnam au pays du lieu de vol ou perte ou du D\u00e9partement consulaire du Minist\u00e8re des Affaires Etrang\u00e8res, qui vous fournira des [&hellip;]\" \/>\n<meta property=\"og:url\" content=\"https:\/\/ambassade-vietnam.com\/fr\/passeport-perdu\/\" \/>\n<meta property=\"og:site_name\" content=\"Ambassade de la r\u00e9publique socialiste du Vietnam en France\" \/>\n<meta property=\"article:modified_time\" content=\"2020-03-05T13:26:12+00:00\" \/>\n<meta name=\"twitter:card\" content=\"summary_large_image\" \/>\n<script type=\"application\/ld+json\" class=\"yoast-schema-graph\">{\"@context\":\"https:\\\/\\\/schema.org\",\"@graph\":[{\"@type\":\"WebPage\",\"@id\":\"https:\\\/\\\/ambassade-vietnam.com\\\/fr\\\/passeport-perdu\\\/\",\"url\":\"https:\\\/\\\/ambassade-vietnam.com\\\/fr\\\/passeport-perdu\\\/\",\"name\":\"Perte de Passeport - Ambassade de la r\u00e9publique socialiste du Vietnam en France\",\"isPartOf\":{\"@id\":\"https:\\\/\\\/ambassade-vietnam.com\\\/fr\\\/#website\"},\"datePublished\":\"2019-12-17T03:51:05+00:00\",\"dateModified\":\"2020-03-05T13:26:12+00:00\",\"breadcrumb\":{\"@id\":\"https:\\\/\\\/ambassade-vietnam.com\\\/fr\\\/passeport-perdu\\\/#breadcrumb\"},\"inLanguage\":\"fr-FR\",\"potentialAction\":[{\"@type\":\"ReadAction\",\"target\":[\"https:\\\/\\\/ambassade-vietnam.com\\\/fr\\\/passeport-perdu\\\/\"]}]},{\"@type\":\"BreadcrumbList\",\"@id\":\"https:\\\/\\\/ambassade-vietnam.com\\\/fr\\\/passeport-perdu\\\/#breadcrumb\",\"itemListElement\":[{\"@type\":\"ListItem\",\"position\":1,\"name\":\"Home\",\"item\":\"https:\\\/\\\/ambassade-vietnam.com\\\/fr\\\/\"},{\"@type\":\"ListItem\",\"position\":2,\"name\":\"Perte de Passeport\"}]},{\"@type\":\"WebSite\",\"@id\":\"https:\\\/\\\/ambassade-vietnam.com\\\/fr\\\/#website\",\"url\":\"https:\\\/\\\/ambassade-vietnam.com\\\/fr\\\/\",\"name\":\"Ambassade de la r\u00e9publique socialiste du Vietnam en France\",\"description\":\"\",\"potentialAction\":[{\"@type\":\"SearchAction\",\"target\":{\"@type\":\"EntryPoint\",\"urlTemplate\":\"https:\\\/\\\/ambassade-vietnam.com\\\/fr\\\/?s={search_term_string}\"},\"query-input\":{\"@type\":\"PropertyValueSpecification\",\"valueRequired\":true,\"valueName\":\"search_term_string\"}}],\"inLanguage\":\"fr-FR\"}]}<\/script>\n<!-- \/ Yoast SEO plugin. -->","yoast_head_json":{"title":"Perte de Passeport - Ambassade de la r\u00e9publique socialiste du Vietnam en France","robots":{"index":"index","follow":"follow","max-snippet":"max-snippet:-1","max-image-preview":"max-image-preview:large","max-video-preview":"max-video-preview:-1"},"canonical":"https:\/\/ambassade-vietnam.com\/fr\/passeport-perdu\/","og_locale":"fr_FR","og_type":"article","og_title":"Perte de Passeport - Ambassade de la r\u00e9publique socialiste du Vietnam en France","og_description":"EN CAS DE PERTE OU VOL DE PASSEPORT &nbsp; En cas de perte ou de vol de passeport, vous devez en faire la d\u00e9claration aupr\u00e8s d\u2019un commissariat de police et de l\u2019Ambassade du Vietnam au pays du lieu de vol ou perte ou du D\u00e9partement consulaire du Minist\u00e8re des Affaires Etrang\u00e8res, qui vous fournira des [&hellip;]","og_url":"https:\/\/ambassade-vietnam.com\/fr\/passeport-perdu\/","og_site_name":"Ambassade de la r\u00e9publique socialiste du Vietnam en France","article_modified_time":"2020-03-05T13:26:12+00:00","twitter_card":"summary_large_image","schema":{"@context":"https:\/\/schema.org","@graph":[{"@type":"WebPage","@id":"https:\/\/ambassade-vietnam.com\/fr\/passeport-perdu\/","url":"https:\/\/ambassade-vietnam.com\/fr\/passeport-perdu\/","name":"Perte de Passeport - Ambassade de la r\u00e9publique socialiste du Vietnam en France","isPartOf":{"@id":"https:\/\/ambassade-vietnam.com\/fr\/#website"},"datePublished":"2019-12-17T03:51:05+00:00","dateModified":"2020-03-05T13:26:12+00:00","breadcrumb":{"@id":"https:\/\/ambassade-vietnam.com\/fr\/passeport-perdu\/#breadcrumb"},"inLanguage":"fr-FR","potentialAction":[{"@type":"ReadAction","target":["https:\/\/ambassade-vietnam.com\/fr\/passeport-perdu\/"]}]},{"@type":"BreadcrumbList","@id":"https:\/\/ambassade-vietnam.com\/fr\/passeport-perdu\/#breadcrumb","itemListElement":[{"@type":"ListItem","position":1,"name":"Home","item":"https:\/\/ambassade-vietnam.com\/fr\/"},{"@type":"ListItem","position":2,"name":"Perte de Passeport"}]},{"@type":"WebSite","@id":"https:\/\/ambassade-vietnam.com\/fr\/#website","url":"https:\/\/ambassade-vietnam.com\/fr\/","name":"Ambassade de la r\u00e9publique socialiste du Vietnam en France","description":"","potentialAction":[{"@type":"SearchAction","target":{"@type":"EntryPoint","urlTemplate":"https:\/\/ambassade-vietnam.com\/fr\/?s={search_term_string}"},"query-input":{"@type":"PropertyValueSpecification","valueRequired":true,"valueName":"search_term_string"}}],"inLanguage":"fr-FR"}]}},"_links":{"self":[{"href":"https:\/\/ambassade-vietnam.com\/fr\/wp-json\/wp\/v2\/pages\/514","targetHints":{"allow":["GET"]}}],"collection":[{"href":"https:\/\/ambassade-vietnam.com\/fr\/wp-json\/wp\/v2\/pages"}],"about":[{"href":"https:\/\/ambassade-vietnam.com\/fr\/wp-json\/wp\/v2\/types\/page"}],"author":[{"embeddable":true,"href":"https:\/\/ambassade-vietnam.com\/fr\/wp-json\/wp\/v2\/users\/1"}],"replies":[{"embeddable":true,"href":"https:\/\/ambassade-vietnam.com\/fr\/wp-json\/wp\/v2\/comments?post=514"}],"version-history":[{"count":4,"href":"https:\/\/ambassade-vietnam.com\/fr\/wp-json\/wp\/v2\/pages\/514\/revisions"}],"predecessor-version":[{"id":761,"href":"https:\/\/ambassade-vietnam.com\/fr\/wp-json\/wp\/v2\/pages\/514\/revisions\/761"}],"wp:attachment":[{"href":"https:\/\/ambassade-vietnam.com\/fr\/wp-json\/wp\/v2\/media?parent=514"}],"curies":[{"name":"wp","href":"https:\/\/api.w.org\/{rel}","templated":true}]}}