{"id":508,"date":"2019-12-17T04:50:25","date_gmt":"2019-12-17T03:50:25","guid":{"rendered":"https:\/\/ambassade-vietnam.com\/fr\/?page_id=508"},"modified":"2020-01-01T21:02:23","modified_gmt":"2020-01-01T20:02:23","slug":"mariage","status":"publish","type":"page","link":"https:\/\/ambassade-vietnam.com\/fr\/mariage\/","title":{"rendered":"Mariage &#8211; Certificat de coutume &#8211; Certificat de C\u00e9libat"},"content":{"rendered":"<p>Vous souhaitez demander des justificatifs en vue d'un mariage ne exemption de visa, veuillez bien suivre les instructions sur la page web de l'Ambassade (rubrique <a href=\"https:\/\/ambassade-vietnam.com\/ho-tich\/ket-hon\/\">K\u1ebft h\u00f4n<\/a>).<\/p>\n<p>&nbsp;<\/p>\n<p><a href=\"https:\/\/ambassade-vietnam.com\/fr\/reservation-en-ligne\/\">Veuillez bien prendre RDV avant de venir d\u00e9poser le dossier<\/a>.<\/p>\n\n\n<a href=\"\/dat-lich-hen-truc-tuyen\/\" style=\"color: #fff; background-color: #d6aa3a; border-color: transparent; \" onmouseover=\"this.style.color='#000'; this.style.backgroundColor='transparent'; this.style.borderColor='#000'; \" onmouseout=\"this.style.color='#fff'; this.style.backgroundColor='#d6aa3a'; this.style.borderColor='transparent'; \" class=\"button middle colored\">\u0110\u1eb7t l\u1ecbch h\u1eb9n tr\u1ef1c tuy\u1ebfn<\/a>\n\n<pre><span style=\"font-family: georgia, palatino, serif\">Contact:<\/span><\/pre>\n<pre><span style=\"font-family: georgia, palatino, serif\">Ambassade du Vietnam<\/span>\r\n<span style=\"font-family: georgia, palatino, serif\">Service d'\u00c9tat civil<\/span>\r\n<span style=\"font-family: georgia, palatino, serif\">61, rue de Miromesnil 75008 PARIS<\/span>\r\n\r\n<span style=\"font-family: georgia, palatino, serif\">T\u00e9l. :\u00a001 44 14 64 23 (uniquement apr\u00e8s-midi des mardis, mercredis et jeudis de \u00a014h00-17h00)<\/span>\r\n<span style=\"font-family: georgia, palatino, serif\">Email: ls2@ambassade-vietnam.fr<\/span><\/pre>\n","protected":false},"excerpt":{"rendered":"<p>Vous souhaitez demander des justificatifs en vue d&rsquo;un mariage ne exemption de visa, veuillez bien suivre les instructions sur la page web de l&rsquo;Ambassade (rubrique K\u1ebft h\u00f4n). &nbsp; Veuillez bien prendre RDV avant de venir d\u00e9poser le dossier. Contact: Ambassade du Vietnam Service d&rsquo;\u00c9tat civil 61, rue de Miromesnil 75008 PARIS T\u00e9l. :\u00a001 44 14 [&hellip;]<\/p>\n","protected":false},"author":1,"featured_media":0,"parent":0,"menu_order":0,"comment_status":"closed","ping_status":"closed","template":"","meta":{"footnotes":""},"class_list":["post-508","page","type-page","status-publish","hentry"],"yoast_head":"<!-- This site is optimized with the Yoast SEO plugin v27.4 - https:\/\/yoast.com\/product\/yoast-seo-wordpress\/ -->\n<title>Mariage - Certificat de coutume - Certificat de C\u00e9libat - Ambassade de la r\u00e9publique socialiste du Vietnam en France<\/title>\n<meta name=\"robots\" content=\"index, follow, max-snippet:-1, max-image-preview:large, max-video-preview:-1\" \/>\n<link rel=\"canonical\" href=\"https:\/\/ambassade-vietnam.com\/fr\/mariage\/\" \/>\n<meta property=\"og:locale\" content=\"fr_FR\" \/>\n<meta property=\"og:type\" content=\"article\" \/>\n<meta property=\"og:title\" content=\"Mariage - Certificat de coutume - Certificat de C\u00e9libat - Ambassade de la r\u00e9publique socialiste du Vietnam en France\" \/>\n<meta property=\"og:description\" content=\"Vous souhaitez demander des justificatifs en vue d&#039;un mariage ne exemption de visa, veuillez bien suivre les instructions sur la page web de l&#039;Ambassade (rubrique K\u1ebft h\u00f4n). &nbsp; Veuillez bien prendre RDV avant de venir d\u00e9poser le dossier. Contact: Ambassade du Vietnam Service d&#039;\u00c9tat civil 61, rue de Miromesnil 75008 PARIS T\u00e9l. :\u00a001 44 14 [&hellip;]\" \/>\n<meta property=\"og:url\" content=\"https:\/\/ambassade-vietnam.com\/fr\/mariage\/\" \/>\n<meta property=\"og:site_name\" content=\"Ambassade de la r\u00e9publique socialiste du Vietnam en France\" \/>\n<meta property=\"article:modified_time\" content=\"2020-01-01T20:02:23+00:00\" \/>\n<meta name=\"twitter:card\" content=\"summary_large_image\" \/>\n<script type=\"application\/ld+json\" class=\"yoast-schema-graph\">{\"@context\":\"https:\\\/\\\/schema.org\",\"@graph\":[{\"@type\":\"WebPage\",\"@id\":\"https:\\\/\\\/ambassade-vietnam.com\\\/fr\\\/mariage\\\/\",\"url\":\"https:\\\/\\\/ambassade-vietnam.com\\\/fr\\\/mariage\\\/\",\"name\":\"Mariage - Certificat de coutume - Certificat de C\u00e9libat - Ambassade de la r\u00e9publique socialiste du Vietnam en France\",\"isPartOf\":{\"@id\":\"https:\\\/\\\/ambassade-vietnam.com\\\/fr\\\/#website\"},\"datePublished\":\"2019-12-17T03:50:25+00:00\",\"dateModified\":\"2020-01-01T20:02:23+00:00\",\"breadcrumb\":{\"@id\":\"https:\\\/\\\/ambassade-vietnam.com\\\/fr\\\/mariage\\\/#breadcrumb\"},\"inLanguage\":\"fr-FR\",\"potentialAction\":[{\"@type\":\"ReadAction\",\"target\":[\"https:\\\/\\\/ambassade-vietnam.com\\\/fr\\\/mariage\\\/\"]}]},{\"@type\":\"BreadcrumbList\",\"@id\":\"https:\\\/\\\/ambassade-vietnam.com\\\/fr\\\/mariage\\\/#breadcrumb\",\"itemListElement\":[{\"@type\":\"ListItem\",\"position\":1,\"name\":\"Home\",\"item\":\"https:\\\/\\\/ambassade-vietnam.com\\\/fr\\\/\"},{\"@type\":\"ListItem\",\"position\":2,\"name\":\"Mariage &#8211; Certificat de coutume &#8211; Certificat de C\u00e9libat\"}]},{\"@type\":\"WebSite\",\"@id\":\"https:\\\/\\\/ambassade-vietnam.com\\\/fr\\\/#website\",\"url\":\"https:\\\/\\\/ambassade-vietnam.com\\\/fr\\\/\",\"name\":\"Ambassade de la r\u00e9publique socialiste du Vietnam en France\",\"description\":\"\",\"potentialAction\":[{\"@type\":\"SearchAction\",\"target\":{\"@type\":\"EntryPoint\",\"urlTemplate\":\"https:\\\/\\\/ambassade-vietnam.com\\\/fr\\\/?s={search_term_string}\"},\"query-input\":{\"@type\":\"PropertyValueSpecification\",\"valueRequired\":true,\"valueName\":\"search_term_string\"}}],\"inLanguage\":\"fr-FR\"}]}<\/script>\n<!-- \/ Yoast SEO plugin. -->","yoast_head_json":{"title":"Mariage - Certificat de coutume - Certificat de C\u00e9libat - Ambassade de la r\u00e9publique socialiste du Vietnam en France","robots":{"index":"index","follow":"follow","max-snippet":"max-snippet:-1","max-image-preview":"max-image-preview:large","max-video-preview":"max-video-preview:-1"},"canonical":"https:\/\/ambassade-vietnam.com\/fr\/mariage\/","og_locale":"fr_FR","og_type":"article","og_title":"Mariage - Certificat de coutume - Certificat de C\u00e9libat - Ambassade de la r\u00e9publique socialiste du Vietnam en France","og_description":"Vous souhaitez demander des justificatifs en vue d'un mariage ne exemption de visa, veuillez bien suivre les instructions sur la page web de l'Ambassade (rubrique K\u1ebft h\u00f4n). &nbsp; Veuillez bien prendre RDV avant de venir d\u00e9poser le dossier. Contact: Ambassade du Vietnam Service d'\u00c9tat civil 61, rue de Miromesnil 75008 PARIS T\u00e9l. :\u00a001 44 14 [&hellip;]","og_url":"https:\/\/ambassade-vietnam.com\/fr\/mariage\/","og_site_name":"Ambassade de la r\u00e9publique socialiste du Vietnam en France","article_modified_time":"2020-01-01T20:02:23+00:00","twitter_card":"summary_large_image","schema":{"@context":"https:\/\/schema.org","@graph":[{"@type":"WebPage","@id":"https:\/\/ambassade-vietnam.com\/fr\/mariage\/","url":"https:\/\/ambassade-vietnam.com\/fr\/mariage\/","name":"Mariage - Certificat de coutume - Certificat de C\u00e9libat - Ambassade de la r\u00e9publique socialiste du Vietnam en France","isPartOf":{"@id":"https:\/\/ambassade-vietnam.com\/fr\/#website"},"datePublished":"2019-12-17T03:50:25+00:00","dateModified":"2020-01-01T20:02:23+00:00","breadcrumb":{"@id":"https:\/\/ambassade-vietnam.com\/fr\/mariage\/#breadcrumb"},"inLanguage":"fr-FR","potentialAction":[{"@type":"ReadAction","target":["https:\/\/ambassade-vietnam.com\/fr\/mariage\/"]}]},{"@type":"BreadcrumbList","@id":"https:\/\/ambassade-vietnam.com\/fr\/mariage\/#breadcrumb","itemListElement":[{"@type":"ListItem","position":1,"name":"Home","item":"https:\/\/ambassade-vietnam.com\/fr\/"},{"@type":"ListItem","position":2,"name":"Mariage &#8211; Certificat de coutume &#8211; Certificat de C\u00e9libat"}]},{"@type":"WebSite","@id":"https:\/\/ambassade-vietnam.com\/fr\/#website","url":"https:\/\/ambassade-vietnam.com\/fr\/","name":"Ambassade de la r\u00e9publique socialiste du Vietnam en France","description":"","potentialAction":[{"@type":"SearchAction","target":{"@type":"EntryPoint","urlTemplate":"https:\/\/ambassade-vietnam.com\/fr\/?s={search_term_string}"},"query-input":{"@type":"PropertyValueSpecification","valueRequired":true,"valueName":"search_term_string"}}],"inLanguage":"fr-FR"}]}},"_links":{"self":[{"href":"https:\/\/ambassade-vietnam.com\/fr\/wp-json\/wp\/v2\/pages\/508","targetHints":{"allow":["GET"]}}],"collection":[{"href":"https:\/\/ambassade-vietnam.com\/fr\/wp-json\/wp\/v2\/pages"}],"about":[{"href":"https:\/\/ambassade-vietnam.com\/fr\/wp-json\/wp\/v2\/types\/page"}],"author":[{"embeddable":true,"href":"https:\/\/ambassade-vietnam.com\/fr\/wp-json\/wp\/v2\/users\/1"}],"replies":[{"embeddable":true,"href":"https:\/\/ambassade-vietnam.com\/fr\/wp-json\/wp\/v2\/comments?post=508"}],"version-history":[{"count":4,"href":"https:\/\/ambassade-vietnam.com\/fr\/wp-json\/wp\/v2\/pages\/508\/revisions"}],"predecessor-version":[{"id":650,"href":"https:\/\/ambassade-vietnam.com\/fr\/wp-json\/wp\/v2\/pages\/508\/revisions\/650"}],"wp:attachment":[{"href":"https:\/\/ambassade-vietnam.com\/fr\/wp-json\/wp\/v2\/media?parent=508"}],"curies":[{"name":"wp","href":"https:\/\/api.w.org\/{rel}","templated":true}]}}