{"id":504,"date":"2019-12-17T04:49:51","date_gmt":"2019-12-17T03:49:51","guid":{"rendered":"https:\/\/ambassade-vietnam.com\/fr\/?page_id=504"},"modified":"2026-04-07T16:40:51","modified_gmt":"2026-04-07T14:40:51","slug":"passeport","status":"publish","type":"page","link":"https:\/\/ambassade-vietnam.com\/fr\/passeport\/","title":{"rendered":"Passeport"},"content":{"rendered":"<p><strong>DEMANDE DE RENOUVELLEMENT DE PASSEPORT VIETNAMIEN<\/strong><\/p>\n<ol>\n<li>\u00c0 partir du <strong>1er avril 2026<\/strong>, les citoyens souhaitant obtenir un passeport \u00e9lectronique doivent obligatoirement <strong>prendre rendez-vous et d\u00e9poser leur dossier en personne \u00e0 l\u2019Ambassade afin de fournir leurs empreintes digitales<\/strong>. Les citoyens demandant un <strong>passeport ordinaire<\/strong> peuvent toujours <strong>envoyer leur dossier par voie postale<\/strong>.<\/li>\n<li><strong>Dossier de demande du passeport \u00e0 constituer:<\/strong>\n<ol>\n<li>Le formulaire de demande de passeport en ligne\u00a0(<a href=\"https:\/\/passport.mofa.gov.vn\/\">https:\/\/passport.mofa.gov.vn\/<\/a>) imprim\u00e9 et sign\u00e9.<\/li>\n<li>3 photos d\u2019identit\u00e9;<\/li>\n<li>Le Passeport qui va expirer (original)\u00a0;<\/li>\n<li>La Copie des pages de 2 \u00e0 7 du passeport et des pages contenant les cachets du service d\u2019immigration du Vietnam<\/li>\n<li>La copie d\u2019un document prouvant que vous r\u00e9sidez l\u00e9galement en France, \u00e0 Monaco, en Andorre (<em>titre de s\u00e9jour, CIN, passeport \u00e9tranger, Titre de Circulation, Titre R\u00e9publicain, Attestation de Domicile\u2026<\/em>)\u00a0;<\/li>\n<li>Les copies des documents \u00e9mis par les autorit\u00e9s vietnamiennes \u00e0 savoir\u00a0<em>carte d\u2019identit\u00e9, acte de naissance, livret de r\u00e9sidence<\/em>,\u2026 si vous en avez;<\/li>\n<li>Pour ceux qui donnent procuration \u00e0 un tiers pour le d\u00e9p\u00f4t du dossier \u00e0 l\u2019Ambassade, il faut fournir \u00e9galement la lettre de procuration et le certificat de vie (<a href=\"https:\/\/ambassade-vietnam.com\/wp-content\/uploads\/sites\/2\/2019\/08\/Mau-Certificat-de-Vie-1.pdf\">Certificat de Vie et Procuration<\/a>) certifi\u00e9 par la mairie de leur lieu de r\u00e9sidence ;<\/li>\n<li>Pour ceux qui envoient leur demande du passeport par la voie postale, il faut ajouter dans leur dossier le certificat de vie (<a href=\"https:\/\/ambassade-vietnam.com\/wp-content\/uploads\/sites\/2\/2019\/08\/Mau-Certificat-de-Vie.pdf\">Certificat de Vie<\/a>) muni d\u2019une photo d\u2019identit\u00e9 et certifi\u00e9 par la Mairie de leur lieu de r\u00e9sidence.<\/li>\n<\/ol>\n<\/li>\n<li><strong>Frais \u00e0 payer:<\/strong>(\u00e0 consulter la circulaire 264 BTC)\n<ul>\n<li>Frais du passeport<\/li>\n<li>Frais de traduction et de copie des documents si n\u00e9cessaire<\/li>\n<li>Frais de v\u00e9rification de l\u2019authenticit\u00e9 des documents si n\u00e9cessaire<\/li>\n<li>Frais postaux pour le retour du passeport<\/li>\n<li>Pour les dossiers envoy\u00e9s par la voie postale, seuls les ch\u00e8ques sont accept\u00e9s et le titulaire du ch\u00e8que doit \u00eatre le demandeur ou sa famille (\u00e9poux, parents, enfants)<\/li>\n<\/ul>\n<\/li>\n<\/ol>\n<p>&nbsp;<\/p>\n\n\n<a href=\"\/dat-lich-hen-truc-tuyen\/\" style=\"color: #fff; background-color: #d6aa3a; border-color: transparent; \" onmouseover=\"this.style.color='#000'; this.style.backgroundColor='transparent'; this.style.borderColor='#000'; \" onmouseout=\"this.style.color='#fff'; this.style.backgroundColor='#d6aa3a'; this.style.borderColor='transparent'; \" class=\"button middle colored\">\u0110\u1eb7t l\u1ecbch h\u1eb9n tr\u1ef1c tuy\u1ebfn<\/a>\n\n<table style=\"border-collapse: collapse;width: 100%\">\n<tbody>\n<tr>\n<td style=\"width: 100%\"><span style=\"text-decoration: underline\"><strong>Contact:<\/strong><\/span><\/p>\n<p><strong>T\u00e9l\u00e9phone: 01 44 14 64 26 (uniquement apr\u00e8s-midi des lundis, mardis et mercredis de 14h00-17h00)<\/strong><br \/>\n<strong>Email: ls1@ambassade-vietnam.fr<\/strong><br \/>\n<strong>Ambassade du Vietnam<\/strong><br \/>\n<strong>Service Nationalit\u00e9 - Passeport<\/strong><br \/>\n<strong>61, rue de Miromesnil 75008 PARIS<\/strong><\/td>\n<\/tr>\n<\/tbody>\n<\/table>\n","protected":false},"excerpt":{"rendered":"<p>DEMANDE DE RENOUVELLEMENT DE PASSEPORT VIETNAMIEN \u00c0 partir du 1er avril 2026, les citoyens souhaitant obtenir un passeport \u00e9lectronique doivent obligatoirement prendre rendez-vous et d\u00e9poser leur dossier en personne \u00e0 l\u2019Ambassade afin de fournir leurs empreintes digitales. Les citoyens demandant un passeport ordinaire peuvent toujours envoyer leur dossier par voie postale. Dossier de demande du [&hellip;]<\/p>\n","protected":false},"author":1,"featured_media":0,"parent":0,"menu_order":0,"comment_status":"closed","ping_status":"closed","template":"","meta":{"footnotes":""},"class_list":["post-504","page","type-page","status-publish","hentry"],"yoast_head":"<!-- This site is optimized with the Yoast SEO plugin v27.4 - https:\/\/yoast.com\/product\/yoast-seo-wordpress\/ -->\n<title>Passeport - Ambassade de la r\u00e9publique socialiste du Vietnam en France<\/title>\n<meta name=\"robots\" content=\"index, follow, max-snippet:-1, max-image-preview:large, max-video-preview:-1\" \/>\n<link rel=\"canonical\" href=\"https:\/\/ambassade-vietnam.com\/fr\/passeport\/\" \/>\n<meta property=\"og:locale\" content=\"fr_FR\" \/>\n<meta property=\"og:type\" content=\"article\" \/>\n<meta property=\"og:title\" content=\"Passeport - Ambassade de la r\u00e9publique socialiste du Vietnam en France\" \/>\n<meta property=\"og:description\" content=\"DEMANDE DE RENOUVELLEMENT DE PASSEPORT VIETNAMIEN \u00c0 partir du 1er avril 2026, les citoyens souhaitant obtenir un passeport \u00e9lectronique doivent obligatoirement prendre rendez-vous et d\u00e9poser leur dossier en personne \u00e0 l\u2019Ambassade afin de fournir leurs empreintes digitales. Les citoyens demandant un passeport ordinaire peuvent toujours envoyer leur dossier par voie postale. Dossier de demande du [&hellip;]\" \/>\n<meta property=\"og:url\" content=\"https:\/\/ambassade-vietnam.com\/fr\/passeport\/\" \/>\n<meta property=\"og:site_name\" content=\"Ambassade de la r\u00e9publique socialiste du Vietnam en France\" \/>\n<meta property=\"article:modified_time\" content=\"2026-04-07T14:40:51+00:00\" \/>\n<meta name=\"twitter:card\" content=\"summary_large_image\" \/>\n<script type=\"application\/ld+json\" class=\"yoast-schema-graph\">{\"@context\":\"https:\\\/\\\/schema.org\",\"@graph\":[{\"@type\":\"WebPage\",\"@id\":\"https:\\\/\\\/ambassade-vietnam.com\\\/fr\\\/passeport\\\/\",\"url\":\"https:\\\/\\\/ambassade-vietnam.com\\\/fr\\\/passeport\\\/\",\"name\":\"Passeport - Ambassade de la r\u00e9publique socialiste du Vietnam en France\",\"isPartOf\":{\"@id\":\"https:\\\/\\\/ambassade-vietnam.com\\\/fr\\\/#website\"},\"datePublished\":\"2019-12-17T03:49:51+00:00\",\"dateModified\":\"2026-04-07T14:40:51+00:00\",\"breadcrumb\":{\"@id\":\"https:\\\/\\\/ambassade-vietnam.com\\\/fr\\\/passeport\\\/#breadcrumb\"},\"inLanguage\":\"fr-FR\",\"potentialAction\":[{\"@type\":\"ReadAction\",\"target\":[\"https:\\\/\\\/ambassade-vietnam.com\\\/fr\\\/passeport\\\/\"]}]},{\"@type\":\"BreadcrumbList\",\"@id\":\"https:\\\/\\\/ambassade-vietnam.com\\\/fr\\\/passeport\\\/#breadcrumb\",\"itemListElement\":[{\"@type\":\"ListItem\",\"position\":1,\"name\":\"Home\",\"item\":\"https:\\\/\\\/ambassade-vietnam.com\\\/fr\\\/\"},{\"@type\":\"ListItem\",\"position\":2,\"name\":\"Passeport\"}]},{\"@type\":\"WebSite\",\"@id\":\"https:\\\/\\\/ambassade-vietnam.com\\\/fr\\\/#website\",\"url\":\"https:\\\/\\\/ambassade-vietnam.com\\\/fr\\\/\",\"name\":\"Ambassade de la r\u00e9publique socialiste du Vietnam en France\",\"description\":\"\",\"potentialAction\":[{\"@type\":\"SearchAction\",\"target\":{\"@type\":\"EntryPoint\",\"urlTemplate\":\"https:\\\/\\\/ambassade-vietnam.com\\\/fr\\\/?s={search_term_string}\"},\"query-input\":{\"@type\":\"PropertyValueSpecification\",\"valueRequired\":true,\"valueName\":\"search_term_string\"}}],\"inLanguage\":\"fr-FR\"}]}<\/script>\n<!-- \/ Yoast SEO plugin. -->","yoast_head_json":{"title":"Passeport - Ambassade de la r\u00e9publique socialiste du Vietnam en France","robots":{"index":"index","follow":"follow","max-snippet":"max-snippet:-1","max-image-preview":"max-image-preview:large","max-video-preview":"max-video-preview:-1"},"canonical":"https:\/\/ambassade-vietnam.com\/fr\/passeport\/","og_locale":"fr_FR","og_type":"article","og_title":"Passeport - Ambassade de la r\u00e9publique socialiste du Vietnam en France","og_description":"DEMANDE DE RENOUVELLEMENT DE PASSEPORT VIETNAMIEN \u00c0 partir du 1er avril 2026, les citoyens souhaitant obtenir un passeport \u00e9lectronique doivent obligatoirement prendre rendez-vous et d\u00e9poser leur dossier en personne \u00e0 l\u2019Ambassade afin de fournir leurs empreintes digitales. Les citoyens demandant un passeport ordinaire peuvent toujours envoyer leur dossier par voie postale. Dossier de demande du [&hellip;]","og_url":"https:\/\/ambassade-vietnam.com\/fr\/passeport\/","og_site_name":"Ambassade de la r\u00e9publique socialiste du Vietnam en France","article_modified_time":"2026-04-07T14:40:51+00:00","twitter_card":"summary_large_image","schema":{"@context":"https:\/\/schema.org","@graph":[{"@type":"WebPage","@id":"https:\/\/ambassade-vietnam.com\/fr\/passeport\/","url":"https:\/\/ambassade-vietnam.com\/fr\/passeport\/","name":"Passeport - Ambassade de la r\u00e9publique socialiste du Vietnam en France","isPartOf":{"@id":"https:\/\/ambassade-vietnam.com\/fr\/#website"},"datePublished":"2019-12-17T03:49:51+00:00","dateModified":"2026-04-07T14:40:51+00:00","breadcrumb":{"@id":"https:\/\/ambassade-vietnam.com\/fr\/passeport\/#breadcrumb"},"inLanguage":"fr-FR","potentialAction":[{"@type":"ReadAction","target":["https:\/\/ambassade-vietnam.com\/fr\/passeport\/"]}]},{"@type":"BreadcrumbList","@id":"https:\/\/ambassade-vietnam.com\/fr\/passeport\/#breadcrumb","itemListElement":[{"@type":"ListItem","position":1,"name":"Home","item":"https:\/\/ambassade-vietnam.com\/fr\/"},{"@type":"ListItem","position":2,"name":"Passeport"}]},{"@type":"WebSite","@id":"https:\/\/ambassade-vietnam.com\/fr\/#website","url":"https:\/\/ambassade-vietnam.com\/fr\/","name":"Ambassade de la r\u00e9publique socialiste du Vietnam en France","description":"","potentialAction":[{"@type":"SearchAction","target":{"@type":"EntryPoint","urlTemplate":"https:\/\/ambassade-vietnam.com\/fr\/?s={search_term_string}"},"query-input":{"@type":"PropertyValueSpecification","valueRequired":true,"valueName":"search_term_string"}}],"inLanguage":"fr-FR"}]}},"_links":{"self":[{"href":"https:\/\/ambassade-vietnam.com\/fr\/wp-json\/wp\/v2\/pages\/504","targetHints":{"allow":["GET"]}}],"collection":[{"href":"https:\/\/ambassade-vietnam.com\/fr\/wp-json\/wp\/v2\/pages"}],"about":[{"href":"https:\/\/ambassade-vietnam.com\/fr\/wp-json\/wp\/v2\/types\/page"}],"author":[{"embeddable":true,"href":"https:\/\/ambassade-vietnam.com\/fr\/wp-json\/wp\/v2\/users\/1"}],"replies":[{"embeddable":true,"href":"https:\/\/ambassade-vietnam.com\/fr\/wp-json\/wp\/v2\/comments?post=504"}],"version-history":[{"count":9,"href":"https:\/\/ambassade-vietnam.com\/fr\/wp-json\/wp\/v2\/pages\/504\/revisions"}],"predecessor-version":[{"id":1396,"href":"https:\/\/ambassade-vietnam.com\/fr\/wp-json\/wp\/v2\/pages\/504\/revisions\/1396"}],"wp:attachment":[{"href":"https:\/\/ambassade-vietnam.com\/fr\/wp-json\/wp\/v2\/media?parent=504"}],"curies":[{"name":"wp","href":"https:\/\/api.w.org\/{rel}","templated":true}]}}