{"id":500,"date":"2019-12-17T04:49:15","date_gmt":"2019-12-17T03:49:15","guid":{"rendered":"https:\/\/ambassade-vietnam.com\/fr\/?page_id=500"},"modified":"2020-01-01T21:07:47","modified_gmt":"2020-01-01T20:07:47","slug":"enregistrement-de-la-citoyennete","status":"publish","type":"page","link":"https:\/\/ambassade-vietnam.com\/fr\/enregistrement-de-la-citoyennete\/","title":{"rendered":"Enregistrement de la citoyennet\u00e9"},"content":{"rendered":"<p>Vous souhaitez d\u00e9poser une demande d'enregistrement de citoyennet\u00e9, veuillez bien suivre les instructions sur la page web de l'Ambassade (rubrique <a href=\"https:\/\/ambassade-vietnam.com\/dang-ky-cong-dan\/\">\u0110\u0103ng k\u00fd c\u00f4ng d\u00e2n<\/a>).<\/p>\n<p>&nbsp;<\/p>\n<p>Contact:<\/p>\n<p>Ambassade du Vietnam<\/p>\n<p>Service Nationalit\u00e9 - Passeport<\/p>\n<p>T\u00e9l: 01 44 14 64 26 (uniquement l'apr\u00e8s-midi des lundis, mardis, mercredis de 14h00-17h00)<\/p>\n<p>Email: consulat@ambassade-vietnam.fr<\/p>\n","protected":false},"excerpt":{"rendered":"<p>Vous souhaitez d\u00e9poser une demande d&rsquo;enregistrement de citoyennet\u00e9, veuillez bien suivre les instructions sur la page web de l&rsquo;Ambassade (rubrique \u0110\u0103ng k\u00fd c\u00f4ng d\u00e2n). &nbsp; Contact: Ambassade du Vietnam Service Nationalit\u00e9 &#8211; Passeport T\u00e9l: 01 44 14 64 26 (uniquement l&rsquo;apr\u00e8s-midi des lundis, mardis, mercredis de 14h00-17h00) Email: consulat@ambassade-vietnam.fr<\/p>\n","protected":false},"author":1,"featured_media":0,"parent":0,"menu_order":0,"comment_status":"closed","ping_status":"closed","template":"","meta":{"footnotes":""},"class_list":["post-500","page","type-page","status-publish","hentry"],"yoast_head":"<!-- This site is optimized with the Yoast SEO plugin v27.3 - https:\/\/yoast.com\/product\/yoast-seo-wordpress\/ -->\n<title>Enregistrement de la citoyennet\u00e9 - Ambassade de la r\u00e9publique socialiste du Vietnam en France<\/title>\n<meta name=\"robots\" content=\"index, follow, max-snippet:-1, max-image-preview:large, max-video-preview:-1\" \/>\n<link rel=\"canonical\" href=\"https:\/\/ambassade-vietnam.com\/fr\/enregistrement-de-la-citoyennete\/\" \/>\n<meta property=\"og:locale\" content=\"fr_FR\" \/>\n<meta property=\"og:type\" content=\"article\" \/>\n<meta property=\"og:title\" content=\"Enregistrement de la citoyennet\u00e9 - Ambassade de la r\u00e9publique socialiste du Vietnam en France\" \/>\n<meta property=\"og:description\" content=\"Vous souhaitez d\u00e9poser une demande d&#039;enregistrement de citoyennet\u00e9, veuillez bien suivre les instructions sur la page web de l&#039;Ambassade (rubrique \u0110\u0103ng k\u00fd c\u00f4ng d\u00e2n). &nbsp; Contact: Ambassade du Vietnam Service Nationalit\u00e9 - Passeport T\u00e9l: 01 44 14 64 26 (uniquement l&#039;apr\u00e8s-midi des lundis, mardis, mercredis de 14h00-17h00) Email: consulat@ambassade-vietnam.fr\" \/>\n<meta property=\"og:url\" content=\"https:\/\/ambassade-vietnam.com\/fr\/enregistrement-de-la-citoyennete\/\" \/>\n<meta property=\"og:site_name\" content=\"Ambassade de la r\u00e9publique socialiste du Vietnam en France\" \/>\n<meta property=\"article:modified_time\" content=\"2020-01-01T20:07:47+00:00\" \/>\n<meta name=\"twitter:card\" content=\"summary_large_image\" \/>\n<script type=\"application\/ld+json\" class=\"yoast-schema-graph\">{\"@context\":\"https:\\\/\\\/schema.org\",\"@graph\":[{\"@type\":\"WebPage\",\"@id\":\"https:\\\/\\\/ambassade-vietnam.com\\\/fr\\\/enregistrement-de-la-citoyennete\\\/\",\"url\":\"https:\\\/\\\/ambassade-vietnam.com\\\/fr\\\/enregistrement-de-la-citoyennete\\\/\",\"name\":\"Enregistrement de la citoyennet\u00e9 - Ambassade de la r\u00e9publique socialiste du Vietnam en France\",\"isPartOf\":{\"@id\":\"https:\\\/\\\/ambassade-vietnam.com\\\/fr\\\/#website\"},\"datePublished\":\"2019-12-17T03:49:15+00:00\",\"dateModified\":\"2020-01-01T20:07:47+00:00\",\"breadcrumb\":{\"@id\":\"https:\\\/\\\/ambassade-vietnam.com\\\/fr\\\/enregistrement-de-la-citoyennete\\\/#breadcrumb\"},\"inLanguage\":\"fr-FR\",\"potentialAction\":[{\"@type\":\"ReadAction\",\"target\":[\"https:\\\/\\\/ambassade-vietnam.com\\\/fr\\\/enregistrement-de-la-citoyennete\\\/\"]}]},{\"@type\":\"BreadcrumbList\",\"@id\":\"https:\\\/\\\/ambassade-vietnam.com\\\/fr\\\/enregistrement-de-la-citoyennete\\\/#breadcrumb\",\"itemListElement\":[{\"@type\":\"ListItem\",\"position\":1,\"name\":\"Home\",\"item\":\"https:\\\/\\\/ambassade-vietnam.com\\\/fr\\\/\"},{\"@type\":\"ListItem\",\"position\":2,\"name\":\"Enregistrement de la citoyennet\u00e9\"}]},{\"@type\":\"WebSite\",\"@id\":\"https:\\\/\\\/ambassade-vietnam.com\\\/fr\\\/#website\",\"url\":\"https:\\\/\\\/ambassade-vietnam.com\\\/fr\\\/\",\"name\":\"Ambassade de la r\u00e9publique socialiste du Vietnam en France\",\"description\":\"\",\"potentialAction\":[{\"@type\":\"SearchAction\",\"target\":{\"@type\":\"EntryPoint\",\"urlTemplate\":\"https:\\\/\\\/ambassade-vietnam.com\\\/fr\\\/?s={search_term_string}\"},\"query-input\":{\"@type\":\"PropertyValueSpecification\",\"valueRequired\":true,\"valueName\":\"search_term_string\"}}],\"inLanguage\":\"fr-FR\"}]}<\/script>\n<!-- \/ Yoast SEO plugin. -->","yoast_head_json":{"title":"Enregistrement de la citoyennet\u00e9 - Ambassade de la r\u00e9publique socialiste du Vietnam en France","robots":{"index":"index","follow":"follow","max-snippet":"max-snippet:-1","max-image-preview":"max-image-preview:large","max-video-preview":"max-video-preview:-1"},"canonical":"https:\/\/ambassade-vietnam.com\/fr\/enregistrement-de-la-citoyennete\/","og_locale":"fr_FR","og_type":"article","og_title":"Enregistrement de la citoyennet\u00e9 - Ambassade de la r\u00e9publique socialiste du Vietnam en France","og_description":"Vous souhaitez d\u00e9poser une demande d'enregistrement de citoyennet\u00e9, veuillez bien suivre les instructions sur la page web de l'Ambassade (rubrique \u0110\u0103ng k\u00fd c\u00f4ng d\u00e2n). &nbsp; Contact: Ambassade du Vietnam Service Nationalit\u00e9 - Passeport T\u00e9l: 01 44 14 64 26 (uniquement l'apr\u00e8s-midi des lundis, mardis, mercredis de 14h00-17h00) Email: consulat@ambassade-vietnam.fr","og_url":"https:\/\/ambassade-vietnam.com\/fr\/enregistrement-de-la-citoyennete\/","og_site_name":"Ambassade de la r\u00e9publique socialiste du Vietnam en France","article_modified_time":"2020-01-01T20:07:47+00:00","twitter_card":"summary_large_image","schema":{"@context":"https:\/\/schema.org","@graph":[{"@type":"WebPage","@id":"https:\/\/ambassade-vietnam.com\/fr\/enregistrement-de-la-citoyennete\/","url":"https:\/\/ambassade-vietnam.com\/fr\/enregistrement-de-la-citoyennete\/","name":"Enregistrement de la citoyennet\u00e9 - Ambassade de la r\u00e9publique socialiste du Vietnam en France","isPartOf":{"@id":"https:\/\/ambassade-vietnam.com\/fr\/#website"},"datePublished":"2019-12-17T03:49:15+00:00","dateModified":"2020-01-01T20:07:47+00:00","breadcrumb":{"@id":"https:\/\/ambassade-vietnam.com\/fr\/enregistrement-de-la-citoyennete\/#breadcrumb"},"inLanguage":"fr-FR","potentialAction":[{"@type":"ReadAction","target":["https:\/\/ambassade-vietnam.com\/fr\/enregistrement-de-la-citoyennete\/"]}]},{"@type":"BreadcrumbList","@id":"https:\/\/ambassade-vietnam.com\/fr\/enregistrement-de-la-citoyennete\/#breadcrumb","itemListElement":[{"@type":"ListItem","position":1,"name":"Home","item":"https:\/\/ambassade-vietnam.com\/fr\/"},{"@type":"ListItem","position":2,"name":"Enregistrement de la citoyennet\u00e9"}]},{"@type":"WebSite","@id":"https:\/\/ambassade-vietnam.com\/fr\/#website","url":"https:\/\/ambassade-vietnam.com\/fr\/","name":"Ambassade de la r\u00e9publique socialiste du Vietnam en France","description":"","potentialAction":[{"@type":"SearchAction","target":{"@type":"EntryPoint","urlTemplate":"https:\/\/ambassade-vietnam.com\/fr\/?s={search_term_string}"},"query-input":{"@type":"PropertyValueSpecification","valueRequired":true,"valueName":"search_term_string"}}],"inLanguage":"fr-FR"}]}},"_links":{"self":[{"href":"https:\/\/ambassade-vietnam.com\/fr\/wp-json\/wp\/v2\/pages\/500","targetHints":{"allow":["GET"]}}],"collection":[{"href":"https:\/\/ambassade-vietnam.com\/fr\/wp-json\/wp\/v2\/pages"}],"about":[{"href":"https:\/\/ambassade-vietnam.com\/fr\/wp-json\/wp\/v2\/types\/page"}],"author":[{"embeddable":true,"href":"https:\/\/ambassade-vietnam.com\/fr\/wp-json\/wp\/v2\/users\/1"}],"replies":[{"embeddable":true,"href":"https:\/\/ambassade-vietnam.com\/fr\/wp-json\/wp\/v2\/comments?post=500"}],"version-history":[{"count":3,"href":"https:\/\/ambassade-vietnam.com\/fr\/wp-json\/wp\/v2\/pages\/500\/revisions"}],"predecessor-version":[{"id":654,"href":"https:\/\/ambassade-vietnam.com\/fr\/wp-json\/wp\/v2\/pages\/500\/revisions\/654"}],"wp:attachment":[{"href":"https:\/\/ambassade-vietnam.com\/fr\/wp-json\/wp\/v2\/media?parent=500"}],"curies":[{"name":"wp","href":"https:\/\/api.w.org\/{rel}","templated":true}]}}