{"id":43,"date":"2019-08-01T09:47:27","date_gmt":"2019-08-01T07:47:27","guid":{"rendered":"https:\/\/ambassade-vietnam.com\/?page_id=43"},"modified":"2024-02-27T15:06:51","modified_gmt":"2024-02-27T14:06:51","slug":"coordonnees-des-services-de-lambassade-du-vietnam-en-france","status":"publish","type":"page","link":"https:\/\/ambassade-vietnam.com\/fr\/ambassade-de-la-republique-socialiste-du-vietnam-en-france\/coordonnees-des-services-de-lambassade-du-vietnam-en-france\/","title":{"rendered":"Coordonn\u00e9es des Services de l\u2019Ambassade du Vietnam en France"},"content":{"rendered":"<h2>Ambassade de la R.S. du Vietnam en R. Fran\u00e7aise<br \/>\n61 rue de Miromesnil \u2013 75008 PARIS<\/h2>\n<ul>\n<li>Standard: 01 44 14 64 00<\/li>\n<li>Email: <a href=\"mailto:info@ambassade-vietnam.fr\">info@ambassade-vietnam.fr<\/a><\/li>\n<li>Fax: 01 45 24 39 48<\/li>\n<li>Site web: <a href=\"http:\/\/ambassade-vietnam.com\">ambassade-vietnam.com<\/a> &amp; <a href=\"http:\/\/ambassade-vietnam.com\/fr\">ambassade-vietnam.com\/fr<\/a><\/li>\n<\/ul>\n<h3>Chancellerie politique et de coop\u00e9ration<\/h3>\n<ul>\n<li>Secr\u00e9tariat: 01 44 14 64 10<\/li>\n<li>Presse: 01 44 14 64 09<\/li>\n<li>Culture: 01 44 14 64 31<\/li>\n<li>Associations \/ Partis politiques: 01 44 14 64 18<\/li>\n<li>Communaut\u00e9 vietnamien en France: 01 44 14 64 19<\/li>\n<li>\u00c9ducation \/ \u00c9tudiants vietnamiens en France: 01 44 14 64 31<\/li>\n<li>Coop\u00e9ration d\u00e9centralis\u00e9e: 01 44 14 64 27<\/li>\n<\/ul>\n<h3>Service visa \/ affaires consulaires (ferm\u00e9 les vendredis)<\/h3>\n<ul>\n<li><strong>Fax:<\/strong> 01 44 14 64 24, 01 45 25 60 95<\/li>\n<li><strong>Visa touristique<\/strong> (ouvert du Lundi au Jeudi de 9h30-12h00 et 14h00-17h00 sans RDV):\n<ul>\n<li>T\u00e9l: 01 44 14 64 00 et 01 44 14 64 13;<\/li>\n<li>Email: <a href=\"mailto:info@ambassade-vietnam.fr\">info@ambassade-vietnam.fr<\/a> et <a href=\"mailto:ls3@ambassade-vietnam.fr\">ls3@ambassade-vietnam.fr<\/a><\/li>\n<\/ul>\n<\/li>\n<li><strong>Visa de travail<\/strong> (ouvert du Lundi au Jeudi de 9h30-12h00 et 14h00-17h00 sans RDV):\n<ul>\n<li>T\u00e9l: 01 44 14 64 21;<\/li>\n<li>Email: <a href=\"mailto:ls3@ambassade-vietnam.fr\">ls3@ambassade-vietnam.fr<\/a><\/li>\n<li>Pour les informations: 01.44.14.64.00 (9h00-12h00 et 14h00-17h00), email:\u00a0<a href=\"mailto:info@ambassade-vietnam.fr\">info@ambassade-vietnam.fr<\/a><\/li>\n<li>Suivi du dossier par correspondance: 01.44.14.64.23 (14h00-17h00 du mardi au jeudi), email:\u00a0<a href=\"mailto:ls2@ambassade-vietnam.fr\">ls2@ambassade-vietnam.fr<\/a><\/li>\n<\/ul>\n<\/li>\n<li><strong>L\u00e9galisations <\/strong>(ouvert du Lundi au Jeudi de 9h30-12h00 et 14h00-17h00 sans RDV):<\/li>\n<li><strong>\u00c9tat civil <\/strong>(ouvert les Lundis apr\u00e8s-midi de 14h00-17h00, Mardis et Jeudis matin de 9h30-12h00 sur RDV):\n<ul>\n<li>T\u00e9l: 01 44 14 64 23 (14h00-17h00 du Mardi au Jeudi);<\/li>\n<li>Email: <a href=\"mailto:ls2@ambassade-vietnam.fr\">ls2@ambassade-vietnam.fr<\/a><\/li>\n<\/ul>\n<\/li>\n<li><strong>Exemption de visa<\/strong> (ouvert les Lundis, Mardis et Jeudis matin de 9h30-12h00 sur RDV):\n<ul>\n<li>Pour les informations: 01.44.14.64.00 (9h00-12h00 et 14h00-17h00), email: <a href=\"mailto:info@ambassade-vietnam.fr\">info@ambassade-vietnam.fr<\/a><\/li>\n<li>Suivi du dossier: 01 44 14 64 17; email: <a href=\"mailto:ls4@ambassade-vietnam.fr\">ls4@ambassade-vietnam.fr<\/a><\/li>\n<\/ul>\n<\/li>\n<li><strong>Passeport\/Nationalit\u00e9<\/strong> (ouvert les Lundis et Mercredis matin de 9h30-12h00 et Jeudis apr\u00e8s-midi sur RDV):\n<ul>\n<li>T\u00e9l: 01 44 14 64 26 (14h00-17h00 du Lundi au Mercredi);<\/li>\n<li>Email: <a href=\"mailto:ls1@ambassade-vietnam.fr\">ls1@ambassade-vietnam.fr<\/a><\/li>\n<\/ul>\n<\/li>\n<\/ul>\n<h3><span style=\"font-size: 16px;\">Service commun de gestion administrative (protocole et logistique): 01 44 14 64 01<\/span><\/h3>\n<h2>Service de coop\u00e9ration de la Science et de la Technologie<\/h2>\n<p>65 rue d'Amsterdam - 75008 Paris<br \/>\nEmail: <a href=\"mailto:unesco@ambassade-vietnam.fr\">khcn@ambassade-vietnam.fr<\/a><\/p>\n<h2>D\u00e9l\u00e9gation permanente aupr\u00e8s l\u2019UNESCO et l'OIF<\/h2>\n<p>61 rue de Miromesnil - 75008 Paris<br \/>\nT\u00e9l : 01.44.32.08.70\/72\/73\/77; Fax : 01.44.32.08.79.<br \/>\nEmail: <a href=\"mailto:unesco@ambassade-vietnam.fr\">unesco@ambassade-vietnam.fr<\/a><\/p>\n<h2>Bureau de l\u2019Attach\u00e9 de D\u00e9fense<\/h2>\n<p>45bis, avenue La Division Leclerc \u2013 92320 CHATILLON<br \/>\nT\u00e9l : 01.57.63.03.53 ; Fax : 01.57.63.70.36<br \/>\n<span style=\"font-size: 16px;\">Email:<\/span><span style=\"font-size: 16px;\">\u00a0<\/span><a style=\"font-size: 16px;\" href=\"mailto:tuyvienquocphong@ambassade-vietnam.fr\">tuyvienquocphong@ambassade-vietnam.fr<\/a><\/p>\n<h2>Service commercial<\/h2>\n<p>44, avenue de Madrid \u2013 92200 NEUILLY SUR SEINE<br \/>\nT\u00e9l : 01.46.24.85.77 ; Fax : 01.46.24.12.58<br \/>\nEmail: <a href=\"mailto:thuongvu@ambassade-vietnam.fr\">thuongvu@ambassade-vietnam.fr<\/a><\/p>\n<h2>Service de la promotion de l'investissement<\/h2>\n<p>14b, rue Oudinot - 75007 PARIS<br \/>\nT\u00e9l : 09.54.87.43.37 \/ 06.59.05.12.38<br \/>\nEmail: <a href=\"mailto:dautu@ambassade-vietnam.fr\">dautu@ambassade-vietnam.fr<\/a><\/p>\n<h2>Centre culturel du Vietnam<\/h2>\n<p>19-19bis, rue Albert - 75013 PARIS<br \/>\nT\u00e9l : 09.53.21.73.08 &amp; 01.53.14.75.90. Fax: 01.53.82.48.42.<br \/>\nEmail: <a href=\"mailto:ttvh@ambassade-vietnam.fr\">ttvh@ambassade-vietnam.fr<\/a><\/p>\n<p>Site web: <a href=\"http:\/\/www.ccv-france.org\">www.ccv-france.org<\/a><\/p>\n","protected":false},"excerpt":{"rendered":"<p>Ambassade de la R.S. du Vietnam en R. Fran\u00e7aise 61 rue de Miromesnil \u2013 75008 PARIS Standard: 01 44 14 64 00 Email: info@ambassade-vietnam.fr Fax: 01 45 24 39 48 Site web: ambassade-vietnam.com &amp; ambassade-vietnam.com\/fr Chancellerie politique et de coop\u00e9ration Secr\u00e9tariat: 01 44 14 64 10 Presse: 01 44 14 64 09 Culture: 01 44 [&hellip;]<\/p>\n","protected":false},"author":1,"featured_media":0,"parent":498,"menu_order":0,"comment_status":"closed","ping_status":"closed","template":"","meta":{"footnotes":""},"class_list":["post-43","page","type-page","status-publish","hentry"],"yoast_head":"<!-- This site is optimized with the Yoast SEO plugin v27.3 - https:\/\/yoast.com\/product\/yoast-seo-wordpress\/ -->\n<title>Coordonn\u00e9es des Services de l\u2019Ambassade du Vietnam en France - Ambassade de la r\u00e9publique socialiste du Vietnam en France<\/title>\n<meta name=\"robots\" content=\"index, follow, max-snippet:-1, max-image-preview:large, max-video-preview:-1\" \/>\n<link rel=\"canonical\" href=\"https:\/\/ambassade-vietnam.com\/fr\/ambassade-de-la-republique-socialiste-du-vietnam-en-france\/coordonnees-des-services-de-lambassade-du-vietnam-en-france\/\" \/>\n<meta property=\"og:locale\" content=\"fr_FR\" \/>\n<meta property=\"og:type\" content=\"article\" \/>\n<meta property=\"og:title\" content=\"Coordonn\u00e9es des Services de l\u2019Ambassade du Vietnam en France - Ambassade de la r\u00e9publique socialiste du Vietnam en France\" \/>\n<meta property=\"og:description\" content=\"Ambassade de la R.S. du Vietnam en R. Fran\u00e7aise 61 rue de Miromesnil \u2013 75008 PARIS Standard: 01 44 14 64 00 Email: info@ambassade-vietnam.fr Fax: 01 45 24 39 48 Site web: ambassade-vietnam.com &amp; ambassade-vietnam.com\/fr Chancellerie politique et de coop\u00e9ration Secr\u00e9tariat: 01 44 14 64 10 Presse: 01 44 14 64 09 Culture: 01 44 [&hellip;]\" \/>\n<meta property=\"og:url\" content=\"https:\/\/ambassade-vietnam.com\/fr\/ambassade-de-la-republique-socialiste-du-vietnam-en-france\/coordonnees-des-services-de-lambassade-du-vietnam-en-france\/\" \/>\n<meta property=\"og:site_name\" content=\"Ambassade de la r\u00e9publique socialiste du Vietnam en France\" \/>\n<meta property=\"article:modified_time\" content=\"2024-02-27T14:06:51+00:00\" \/>\n<meta name=\"twitter:card\" content=\"summary_large_image\" \/>\n<script type=\"application\/ld+json\" class=\"yoast-schema-graph\">{\"@context\":\"https:\\\/\\\/schema.org\",\"@graph\":[{\"@type\":\"WebPage\",\"@id\":\"https:\\\/\\\/ambassade-vietnam.com\\\/fr\\\/ambassade-de-la-republique-socialiste-du-vietnam-en-france\\\/coordonnees-des-services-de-lambassade-du-vietnam-en-france\\\/\",\"url\":\"https:\\\/\\\/ambassade-vietnam.com\\\/fr\\\/ambassade-de-la-republique-socialiste-du-vietnam-en-france\\\/coordonnees-des-services-de-lambassade-du-vietnam-en-france\\\/\",\"name\":\"Coordonn\u00e9es des Services de l\u2019Ambassade du Vietnam en France - Ambassade de la r\u00e9publique socialiste du Vietnam en France\",\"isPartOf\":{\"@id\":\"https:\\\/\\\/ambassade-vietnam.com\\\/fr\\\/#website\"},\"datePublished\":\"2019-08-01T07:47:27+00:00\",\"dateModified\":\"2024-02-27T14:06:51+00:00\",\"breadcrumb\":{\"@id\":\"https:\\\/\\\/ambassade-vietnam.com\\\/fr\\\/ambassade-de-la-republique-socialiste-du-vietnam-en-france\\\/coordonnees-des-services-de-lambassade-du-vietnam-en-france\\\/#breadcrumb\"},\"inLanguage\":\"fr-FR\",\"potentialAction\":[{\"@type\":\"ReadAction\",\"target\":[\"https:\\\/\\\/ambassade-vietnam.com\\\/fr\\\/ambassade-de-la-republique-socialiste-du-vietnam-en-france\\\/coordonnees-des-services-de-lambassade-du-vietnam-en-france\\\/\"]}]},{\"@type\":\"BreadcrumbList\",\"@id\":\"https:\\\/\\\/ambassade-vietnam.com\\\/fr\\\/ambassade-de-la-republique-socialiste-du-vietnam-en-france\\\/coordonnees-des-services-de-lambassade-du-vietnam-en-france\\\/#breadcrumb\",\"itemListElement\":[{\"@type\":\"ListItem\",\"position\":1,\"name\":\"Home\",\"item\":\"https:\\\/\\\/ambassade-vietnam.com\\\/fr\\\/\"},{\"@type\":\"ListItem\",\"position\":2,\"name\":\"Ambassade de la R\u00e9publique socialiste du Vietnam en France\",\"item\":\"https:\\\/\\\/ambassade-vietnam.com\\\/fr\\\/ambassade-de-la-republique-socialiste-du-vietnam-en-france\\\/\"},{\"@type\":\"ListItem\",\"position\":3,\"name\":\"Coordonn\u00e9es des Services de l\u2019Ambassade du Vietnam en France\"}]},{\"@type\":\"WebSite\",\"@id\":\"https:\\\/\\\/ambassade-vietnam.com\\\/fr\\\/#website\",\"url\":\"https:\\\/\\\/ambassade-vietnam.com\\\/fr\\\/\",\"name\":\"Ambassade de la r\u00e9publique socialiste du Vietnam en France\",\"description\":\"\",\"potentialAction\":[{\"@type\":\"SearchAction\",\"target\":{\"@type\":\"EntryPoint\",\"urlTemplate\":\"https:\\\/\\\/ambassade-vietnam.com\\\/fr\\\/?s={search_term_string}\"},\"query-input\":{\"@type\":\"PropertyValueSpecification\",\"valueRequired\":true,\"valueName\":\"search_term_string\"}}],\"inLanguage\":\"fr-FR\"}]}<\/script>\n<!-- \/ Yoast SEO plugin. -->","yoast_head_json":{"title":"Coordonn\u00e9es des Services de l\u2019Ambassade du Vietnam en France - Ambassade de la r\u00e9publique socialiste du Vietnam en France","robots":{"index":"index","follow":"follow","max-snippet":"max-snippet:-1","max-image-preview":"max-image-preview:large","max-video-preview":"max-video-preview:-1"},"canonical":"https:\/\/ambassade-vietnam.com\/fr\/ambassade-de-la-republique-socialiste-du-vietnam-en-france\/coordonnees-des-services-de-lambassade-du-vietnam-en-france\/","og_locale":"fr_FR","og_type":"article","og_title":"Coordonn\u00e9es des Services de l\u2019Ambassade du Vietnam en France - Ambassade de la r\u00e9publique socialiste du Vietnam en France","og_description":"Ambassade de la R.S. du Vietnam en R. Fran\u00e7aise 61 rue de Miromesnil \u2013 75008 PARIS Standard: 01 44 14 64 00 Email: info@ambassade-vietnam.fr Fax: 01 45 24 39 48 Site web: ambassade-vietnam.com &amp; ambassade-vietnam.com\/fr Chancellerie politique et de coop\u00e9ration Secr\u00e9tariat: 01 44 14 64 10 Presse: 01 44 14 64 09 Culture: 01 44 [&hellip;]","og_url":"https:\/\/ambassade-vietnam.com\/fr\/ambassade-de-la-republique-socialiste-du-vietnam-en-france\/coordonnees-des-services-de-lambassade-du-vietnam-en-france\/","og_site_name":"Ambassade de la r\u00e9publique socialiste du Vietnam en France","article_modified_time":"2024-02-27T14:06:51+00:00","twitter_card":"summary_large_image","schema":{"@context":"https:\/\/schema.org","@graph":[{"@type":"WebPage","@id":"https:\/\/ambassade-vietnam.com\/fr\/ambassade-de-la-republique-socialiste-du-vietnam-en-france\/coordonnees-des-services-de-lambassade-du-vietnam-en-france\/","url":"https:\/\/ambassade-vietnam.com\/fr\/ambassade-de-la-republique-socialiste-du-vietnam-en-france\/coordonnees-des-services-de-lambassade-du-vietnam-en-france\/","name":"Coordonn\u00e9es des Services de l\u2019Ambassade du Vietnam en France - Ambassade de la r\u00e9publique socialiste du Vietnam en France","isPartOf":{"@id":"https:\/\/ambassade-vietnam.com\/fr\/#website"},"datePublished":"2019-08-01T07:47:27+00:00","dateModified":"2024-02-27T14:06:51+00:00","breadcrumb":{"@id":"https:\/\/ambassade-vietnam.com\/fr\/ambassade-de-la-republique-socialiste-du-vietnam-en-france\/coordonnees-des-services-de-lambassade-du-vietnam-en-france\/#breadcrumb"},"inLanguage":"fr-FR","potentialAction":[{"@type":"ReadAction","target":["https:\/\/ambassade-vietnam.com\/fr\/ambassade-de-la-republique-socialiste-du-vietnam-en-france\/coordonnees-des-services-de-lambassade-du-vietnam-en-france\/"]}]},{"@type":"BreadcrumbList","@id":"https:\/\/ambassade-vietnam.com\/fr\/ambassade-de-la-republique-socialiste-du-vietnam-en-france\/coordonnees-des-services-de-lambassade-du-vietnam-en-france\/#breadcrumb","itemListElement":[{"@type":"ListItem","position":1,"name":"Home","item":"https:\/\/ambassade-vietnam.com\/fr\/"},{"@type":"ListItem","position":2,"name":"Ambassade de la R\u00e9publique socialiste du Vietnam en France","item":"https:\/\/ambassade-vietnam.com\/fr\/ambassade-de-la-republique-socialiste-du-vietnam-en-france\/"},{"@type":"ListItem","position":3,"name":"Coordonn\u00e9es des Services de l\u2019Ambassade du Vietnam en France"}]},{"@type":"WebSite","@id":"https:\/\/ambassade-vietnam.com\/fr\/#website","url":"https:\/\/ambassade-vietnam.com\/fr\/","name":"Ambassade de la r\u00e9publique socialiste du Vietnam en France","description":"","potentialAction":[{"@type":"SearchAction","target":{"@type":"EntryPoint","urlTemplate":"https:\/\/ambassade-vietnam.com\/fr\/?s={search_term_string}"},"query-input":{"@type":"PropertyValueSpecification","valueRequired":true,"valueName":"search_term_string"}}],"inLanguage":"fr-FR"}]}},"_links":{"self":[{"href":"https:\/\/ambassade-vietnam.com\/fr\/wp-json\/wp\/v2\/pages\/43","targetHints":{"allow":["GET"]}}],"collection":[{"href":"https:\/\/ambassade-vietnam.com\/fr\/wp-json\/wp\/v2\/pages"}],"about":[{"href":"https:\/\/ambassade-vietnam.com\/fr\/wp-json\/wp\/v2\/types\/page"}],"author":[{"embeddable":true,"href":"https:\/\/ambassade-vietnam.com\/fr\/wp-json\/wp\/v2\/users\/1"}],"replies":[{"embeddable":true,"href":"https:\/\/ambassade-vietnam.com\/fr\/wp-json\/wp\/v2\/comments?post=43"}],"version-history":[{"count":18,"href":"https:\/\/ambassade-vietnam.com\/fr\/wp-json\/wp\/v2\/pages\/43\/revisions"}],"predecessor-version":[{"id":987,"href":"https:\/\/ambassade-vietnam.com\/fr\/wp-json\/wp\/v2\/pages\/43\/revisions\/987"}],"up":[{"embeddable":true,"href":"https:\/\/ambassade-vietnam.com\/fr\/wp-json\/wp\/v2\/pages\/498"}],"wp:attachment":[{"href":"https:\/\/ambassade-vietnam.com\/fr\/wp-json\/wp\/v2\/media?parent=43"}],"curies":[{"name":"wp","href":"https:\/\/api.w.org\/{rel}","templated":true}]}}