{"id":405,"date":"2019-11-22T16:29:23","date_gmt":"2019-11-22T15:29:23","guid":{"rendered":"https:\/\/ambassade-vietnam.com\/fr\/?page_id=405"},"modified":"2024-03-22T12:42:48","modified_gmt":"2024-03-22T11:42:48","slug":"visa-vietnam","status":"publish","type":"page","link":"https:\/\/ambassade-vietnam.com\/fr\/visa-vietnam\/","title":{"rendered":"Visa Vietnam"},"content":{"rendered":"<p><strong>Le visa \u00e9lectronique du Viet Nam<\/strong> (ou e-visa, labell\u00e9 EV) s\u2019applique pour les citoyens de tous les pays et territoires<\/p>\n<p>Le 14 ao\u00fbt 2023, le gouvernement du Viet Nam a publi\u00e9 la r\u00e9solution n\u00b0 127\/NQ-CP sur l\u2019application des visas \u00e9lectroniques pour les citoyens des pays et territoires; la liste des points de contr\u00f4le frontaliers internationaux permettant aux \u00e9trangers d\u2019entrer et de sortir avec des visas \u00e9lectroniques.<\/p>\n<p><strong>Liste des fronti\u00e8res internationales o\u00f9 les e-visas sont accept\u00e9s\u00a0:<\/strong><\/p>\n<p><strong>13 portes fronti\u00e8res a\u00e9riennes\u00a0:<\/strong><\/p>\n<p>1- A\u00e9roport de Noi Bai;<\/p>\n<p>2- A\u00e9roport de Tan Son Nhat;<\/p>\n<p>3- A\u00e9roport de Cam Ranh;<\/p>\n<p>4- A\u00e9roport de Da Nang;<\/p>\n<p>5- A\u00e9roport de Cat Bi;<\/p>\n<p>6- A\u00e9roport de Can Tho;<\/p>\n<p>7- A\u00e9roport de Phu Quoc;<\/p>\n<p>8- A\u00e9roport de Phu Bai;<\/p>\n<p>9- A\u00e9roport de Van Don;<\/p>\n<p>10- A\u00e9roport de Tho Xuan;<\/p>\n<p>11- A\u00e9roport de Dong Hoi.<\/p>\n<p>12 - A\u00e9roport de Phu Cat;<\/p>\n<p>13 - A\u00e9roport de Lien Khuong.<\/p>\n<p><strong>16 portes fronti\u00e8res terrestres<\/strong><\/p>\n<p>1- Porte fronti\u00e8re de Tay Trang, province de Dien Bien;<\/p>\n<p>2- Porte fronti\u00e8re de Mong Cai, province de Quang Ninh ;<\/p>\n<p>3- Porte fronti\u00e8re de Huu Nghi, province de Lang Son ;<\/p>\n<p>4- Porte fronti\u00e8re de Lao Cai, province de Lao Cai ;<\/p>\n<p>5- Porte fronti\u00e8re de Na Meo, province de Thanh Hoa ;<\/p>\n<p>6- Porte fronti\u00e8re de Nam Can, province de Nghe An ;<\/p>\n<p>7- Porte fronti\u00e8re de Cau Treo, province de Ha Tinh ;<\/p>\n<p>8- Porte fronti\u00e8re de Cha Lo, province de Quang Binh ;<\/p>\n<p>9- Porte fronti\u00e8re de La Lay, province de Quang Tri ;<\/p>\n<p>10- Porte fronti\u00e8re de Lao Bao, province de Quang Tri ;<\/p>\n<p>11- Porte fronti\u00e8re de Bo Y, province de Kon Tum ;<\/p>\n<p>12- Porte fronti\u00e8re de Moc Bai, province Tay Ninh ;<\/p>\n<p>13- Porte fronti\u00e8re de Xa Mat, province de Tay Ninh ;<\/p>\n<p>14- Porte fronti\u00e8re de Tinh Bien, province d\u2019An Giang ;<\/p>\n<p>15- Porte fronti\u00e8re de Vinh Xuong, province d\u2019An Giang .<\/p>\n<p>16- Porte fronti\u00e8re de Ha Tien, province de Kien Giang .<\/p>\n<p><strong>13 ports fronti\u00e8res maritimes <\/strong><\/p>\n<p>1- Port fronti\u00e8re de Hon Gai, Province de Quang Ninh ;<\/p>\n<p>2- Port fronti\u00e8re de Cam Pha, province de Quang Ninh ;<\/p>\n<p>3- Port fronti\u00e8re de Hai Phong, ville de Hai Phong;<\/p>\n<p>4- Port fronti\u00e8re de Nghi Son, province de Thanh Hoa ;<\/p>\n<p>5- Port fronti\u00e8re de Vung Ang, Province de Ha Tinh ;<\/p>\n<p>6- Port fronti\u00e8re de Chan May, province de Thua Thien Hue ;<\/p>\n<p>7- Port fronti\u00e8re de Da Nang, ville de Da Nang;<\/p>\n<p>8- Port fronti\u00e8re de Nha Trang, province de Khanh Hoa ;<\/p>\n<p>9- Port fronti\u00e8re de Quy Nhon, province de Binh Dinh ;<\/p>\n<p>10- Port fronti\u00e8re de Dung Quat, province de Quang Ngai ;<\/p>\n<p>11- Port fronti\u00e8re de Vung Tau, Province Ba Ria - Vung Tau;<\/p>\n<p>12- Port fronti\u00e8re de Ho Chi Minh City, ville de Ho Chi Minh ,<\/p>\n<p>13- Port fronti\u00e8re de Duong Dong, province de Kien Giang .<\/p>\n<p>Cette r\u00e9solution entre en vigueur le 15 ao\u00fbt 2023, rempla\u00e7ant la r\u00e9solution n\u00b0 79\/NQ-CP du 25 mai 2020 et la r\u00e9solution n\u00b0 60\/NQ-CP du 27 avril 2022.<\/p>\n<p><strong>La dur\u00e9e du visa \u00e9lectronique du Viet Nam est allong\u00e9e, passant d\u2019un maximum de 30 jours en cas d\u2019entr\u00e9e unique \u00e0 un maximum de 90 jours en cas d\u2019entr\u00e9e unique ou multiple. <\/strong><\/p>\n<p>Conform\u00e9ment \u00e0 l\u2019article 2 de la loi modifiant et compl\u00e9tant la loi sur l\u2019entr\u00e9e et la sortie des citoyens vietnamiens et la loi sur l\u2019entr\u00e9e, la sortie, le transit et le s\u00e9jour des \u00e9trangers au Vietnam, \u00e0 partir du 15 ao\u00fbt 2023, la dur\u00e9e du visa \u00e9lectronique (ou e-visa, \u00e9tiquet\u00e9 \u00ab\u00a0EV) est allong\u00e9e, de 30 jours maximum avec une entr\u00e9e unique,\u00a0 jusqu\u2019\u00e0 un maximum de 90 jours avec une ou plusieurs entr\u00e9es.<\/p>\n<p><strong>Inscrivez-vous directement pour un visa \u00e9lectronique (e-visa) sur le site g\u00e9r\u00e9 par le D\u00e9partement de l'Immigration du Minist\u00e8re de la S\u00e9curit\u00e9 Publique (<a href=\"https:\/\/evisa.xuatnhapcanh.gov.vn\/\">evisa.xuatnhapcanh.gov.vn<\/a>).<\/strong><\/p>\n<p><strong>Si vous rencontrez des probl\u00e8mes ou des difficult\u00e9s survenant au cours du processus de demande de visa \u00e9lectronique, veuillez contacter le D\u00e9partement de l'immigration du minist\u00e8re de la S\u00e9curit\u00e9 publique par e-mail : \u00e9trangers@immigration.gov.vn ou par hotline : +84.24.382.640.26<\/strong><\/p>\n<p>&nbsp;<\/p>\n<table style=\"width: 37.1094%;\">\n<tbody>\n<tr>\n<td style=\"width: 101.761%;\"><strong>Contact:<\/strong><br \/>\nT\u00e9l.: 01 44 14 64 21 ou 01 44 14 64 00<br \/>\nEmail: <a href=\"mailto:info@ambassade-vietnam.fr\">info@ambassade-vietnam.fr<\/a><br \/>\net <a href=\"mailto:ls3@ambassade-vietnam.fr\">ls3@ambassade-vietnam.fr<\/a><br \/>\n<strong>Service Visas<\/strong><br \/>\nAmbassade du Vietnam<br \/>\n61, rue de Miromesnil 75008 PARIS<\/td>\n<td style=\"width: 1.95695%;\">\n<div class=\"iframe-maps\"><\/div>\n<\/td>\n<\/tr>\n<\/tbody>\n<\/table>\n<p><!--nextpage--><\/p>\n<table style=\"width: 88.2438%; height: 30px;\">\n<tbody>\n<tr style=\"height: 24px;\">\n<td style=\"width: 1387.33px; height: 24px;\"><\/td>\n<td style=\"width: 3.95px; height: 24px;\">\n<div class=\"iframe-maps\"><\/div>\n<\/td>\n<\/tr>\n<\/tbody>\n<\/table>\n<h2><\/h2>\n","protected":false},"excerpt":{"rendered":"<p>Le visa \u00e9lectronique du Viet Nam (ou e-visa, labell\u00e9 EV) s\u2019applique pour les citoyens de tous les pays et territoires Le 14 ao\u00fbt 2023, le gouvernement du Viet Nam a publi\u00e9 la r\u00e9solution n\u00b0 127\/NQ-CP sur l\u2019application des visas \u00e9lectroniques pour les citoyens des pays et territoires; la liste des points de contr\u00f4le frontaliers internationaux [&hellip;]<\/p>\n","protected":false},"author":12,"featured_media":0,"parent":0,"menu_order":0,"comment_status":"closed","ping_status":"closed","template":"","meta":{"footnotes":""},"class_list":["post-405","page","type-page","status-publish","hentry"],"yoast_head":"<!-- This site is optimized with the Yoast SEO plugin v27.3 - https:\/\/yoast.com\/product\/yoast-seo-wordpress\/ -->\n<title>Visa Vietnam - Ambassade de la r\u00e9publique socialiste du Vietnam en France<\/title>\n<meta name=\"robots\" content=\"index, follow, max-snippet:-1, max-image-preview:large, max-video-preview:-1\" \/>\n<link rel=\"canonical\" href=\"https:\/\/ambassade-vietnam.com\/fr\/visa-vietnam\/\" \/>\n<link rel=\"next\" href=\"https:\/\/ambassade-vietnam.com\/fr\/visa-vietnam\/2\/\" \/>\n<meta property=\"og:locale\" content=\"fr_FR\" \/>\n<meta property=\"og:type\" content=\"article\" \/>\n<meta property=\"og:title\" content=\"Visa Vietnam - Ambassade de la r\u00e9publique socialiste du Vietnam en France\" \/>\n<meta property=\"og:description\" content=\"Le visa \u00e9lectronique du Viet Nam (ou e-visa, labell\u00e9 EV) s\u2019applique pour les citoyens de tous les pays et territoires Le 14 ao\u00fbt 2023, le gouvernement du Viet Nam a publi\u00e9 la r\u00e9solution n\u00b0 127\/NQ-CP sur l\u2019application des visas \u00e9lectroniques pour les citoyens des pays et territoires; la liste des points de contr\u00f4le frontaliers internationaux [&hellip;]\" \/>\n<meta property=\"og:url\" content=\"https:\/\/ambassade-vietnam.com\/fr\/visa-vietnam\/\" \/>\n<meta property=\"og:site_name\" content=\"Ambassade de la r\u00e9publique socialiste du Vietnam en France\" \/>\n<meta property=\"article:modified_time\" content=\"2024-03-22T11:42:48+00:00\" \/>\n<meta name=\"twitter:card\" content=\"summary_large_image\" \/>\n<script type=\"application\/ld+json\" class=\"yoast-schema-graph\">{\"@context\":\"https:\\\/\\\/schema.org\",\"@graph\":[{\"@type\":\"WebPage\",\"@id\":\"https:\\\/\\\/ambassade-vietnam.com\\\/fr\\\/visa-vietnam\\\/\",\"url\":\"https:\\\/\\\/ambassade-vietnam.com\\\/fr\\\/visa-vietnam\\\/\",\"name\":\"Visa Vietnam - Ambassade de la r\u00e9publique socialiste du Vietnam en France\",\"isPartOf\":{\"@id\":\"https:\\\/\\\/ambassade-vietnam.com\\\/fr\\\/#website\"},\"datePublished\":\"2019-11-22T15:29:23+00:00\",\"dateModified\":\"2024-03-22T11:42:48+00:00\",\"inLanguage\":\"fr-FR\",\"potentialAction\":[{\"@type\":\"ReadAction\",\"target\":[\"https:\\\/\\\/ambassade-vietnam.com\\\/fr\\\/visa-vietnam\\\/\"]}]},{\"@type\":\"WebSite\",\"@id\":\"https:\\\/\\\/ambassade-vietnam.com\\\/fr\\\/#website\",\"url\":\"https:\\\/\\\/ambassade-vietnam.com\\\/fr\\\/\",\"name\":\"Ambassade de la r\u00e9publique socialiste du Vietnam en France\",\"description\":\"\",\"potentialAction\":[{\"@type\":\"SearchAction\",\"target\":{\"@type\":\"EntryPoint\",\"urlTemplate\":\"https:\\\/\\\/ambassade-vietnam.com\\\/fr\\\/?s={search_term_string}\"},\"query-input\":{\"@type\":\"PropertyValueSpecification\",\"valueRequired\":true,\"valueName\":\"search_term_string\"}}],\"inLanguage\":\"fr-FR\"}]}<\/script>\n<!-- \/ Yoast SEO plugin. -->","yoast_head_json":{"title":"Visa Vietnam - Ambassade de la r\u00e9publique socialiste du Vietnam en France","robots":{"index":"index","follow":"follow","max-snippet":"max-snippet:-1","max-image-preview":"max-image-preview:large","max-video-preview":"max-video-preview:-1"},"canonical":"https:\/\/ambassade-vietnam.com\/fr\/visa-vietnam\/","next":"https:\/\/ambassade-vietnam.com\/fr\/visa-vietnam\/2\/","og_locale":"fr_FR","og_type":"article","og_title":"Visa Vietnam - Ambassade de la r\u00e9publique socialiste du Vietnam en France","og_description":"Le visa \u00e9lectronique du Viet Nam (ou e-visa, labell\u00e9 EV) s\u2019applique pour les citoyens de tous les pays et territoires Le 14 ao\u00fbt 2023, le gouvernement du Viet Nam a publi\u00e9 la r\u00e9solution n\u00b0 127\/NQ-CP sur l\u2019application des visas \u00e9lectroniques pour les citoyens des pays et territoires; la liste des points de contr\u00f4le frontaliers internationaux [&hellip;]","og_url":"https:\/\/ambassade-vietnam.com\/fr\/visa-vietnam\/","og_site_name":"Ambassade de la r\u00e9publique socialiste du Vietnam en France","article_modified_time":"2024-03-22T11:42:48+00:00","twitter_card":"summary_large_image","schema":{"@context":"https:\/\/schema.org","@graph":[{"@type":"WebPage","@id":"https:\/\/ambassade-vietnam.com\/fr\/visa-vietnam\/","url":"https:\/\/ambassade-vietnam.com\/fr\/visa-vietnam\/","name":"Visa Vietnam - Ambassade de la r\u00e9publique socialiste du Vietnam en France","isPartOf":{"@id":"https:\/\/ambassade-vietnam.com\/fr\/#website"},"datePublished":"2019-11-22T15:29:23+00:00","dateModified":"2024-03-22T11:42:48+00:00","inLanguage":"fr-FR","potentialAction":[{"@type":"ReadAction","target":["https:\/\/ambassade-vietnam.com\/fr\/visa-vietnam\/"]}]},{"@type":"WebSite","@id":"https:\/\/ambassade-vietnam.com\/fr\/#website","url":"https:\/\/ambassade-vietnam.com\/fr\/","name":"Ambassade de la r\u00e9publique socialiste du Vietnam en France","description":"","potentialAction":[{"@type":"SearchAction","target":{"@type":"EntryPoint","urlTemplate":"https:\/\/ambassade-vietnam.com\/fr\/?s={search_term_string}"},"query-input":{"@type":"PropertyValueSpecification","valueRequired":true,"valueName":"search_term_string"}}],"inLanguage":"fr-FR"}]}},"_links":{"self":[{"href":"https:\/\/ambassade-vietnam.com\/fr\/wp-json\/wp\/v2\/pages\/405","targetHints":{"allow":["GET"]}}],"collection":[{"href":"https:\/\/ambassade-vietnam.com\/fr\/wp-json\/wp\/v2\/pages"}],"about":[{"href":"https:\/\/ambassade-vietnam.com\/fr\/wp-json\/wp\/v2\/types\/page"}],"author":[{"embeddable":true,"href":"https:\/\/ambassade-vietnam.com\/fr\/wp-json\/wp\/v2\/users\/12"}],"replies":[{"embeddable":true,"href":"https:\/\/ambassade-vietnam.com\/fr\/wp-json\/wp\/v2\/comments?post=405"}],"version-history":[{"count":37,"href":"https:\/\/ambassade-vietnam.com\/fr\/wp-json\/wp\/v2\/pages\/405\/revisions"}],"predecessor-version":[{"id":992,"href":"https:\/\/ambassade-vietnam.com\/fr\/wp-json\/wp\/v2\/pages\/405\/revisions\/992"}],"wp:attachment":[{"href":"https:\/\/ambassade-vietnam.com\/fr\/wp-json\/wp\/v2\/media?parent=405"}],"curies":[{"name":"wp","href":"https:\/\/api.w.org\/{rel}","templated":true}]}}