{"id":35,"date":"2019-08-01T09:37:20","date_gmt":"2019-08-01T07:37:20","guid":{"rendered":"https:\/\/ambassade-vietnam.com\/?page_id=35"},"modified":"2019-08-01T09:37:20","modified_gmt":"2019-08-01T07:37:20","slug":"la-geographie-du-vietnam","status":"publish","type":"page","link":"https:\/\/ambassade-vietnam.com\/fr\/la-geographie-du-vietnam\/","title":{"rendered":"La g\u00e9ographie du Vietnam"},"content":{"rendered":"<p>Le Vietnam se situe au c\u0153ur de l\u2019Asie du Sud-Est, contigu \u00e0 la Chine au nord, au Cambodge et Laos \u00e0 l\u2019ouest et se baigne dans la mer d\u2019Orient ,le golfe du Tonkin et le golfe de Thailande \u00e0 l\u2019est et au sud. Sa superficie est de 331.211 km2, avec la terre ferme longue de 1.650 km. La r\u00e9gion maritime du Vietnam referme des milliers d\u2019iles et deus archipels de Hoang Sa ( Paracels) et Truong Sa (Spratleys). Il a la forme d'un \u00abS\u00bb \u00e9tir\u00e9, dont les extr\u00e9mit\u00e9s seraient distantes de 1 650 km. La cote du Vietnam est longue de plus de 3.260 km, ses frontieres terrestres 4.510 km.<\/p>\n<h2>Topographie<\/h2>\n<p>Phan Xi P\u0103ng (Mont Fansipan), haut de 3 143 m, est le point culminant du pays. Les montagnes et les collines repr\u00e9sentent les trois quarts de la superficie du Viet Nam qui dote de deux grands deltats du Fleuve Rouge et du M\u00e9kong. Les r\u00e9gions montagneuses sont le Nord-Est, le Nord-Ouest, la cordill\u00e8re Truong Son et les Hauts \u2013Plateaux du Centre ( Tay Nguyen ), qui ont leurs caract\u00e9ristiques propres.<\/p>\n<h2>Climat<\/h2>\n<p>Le climat vietnamien est de type tropical au sud et subtropical humide au nord, avec des moussons ; l'humidit\u00e9 descend rarement en dessous de 85% dans les plaines. Par contre, dans les r\u00e9gions montagneuses (Dalat, Sapa), le climat est plus sec et les hivers peuvent \u00eatre rigoureux. Il existe deux saisons : la saison s\u00e8che (de novembre \u00e0 avril dans le sud du pays et de f\u00e9vrier \u00e0 ao\u00fbt au centre) et la saison humide (de mai \u00e0 octobre au sud et de septembre \u00e0 d\u00e9cembre au centre).<br \/>\nEn raison des diff\u00e9rences de latitude et du relief vari\u00e9, le climat diff\u00e8re consid\u00e9rablement selon les r\u00e9gions. Durant l'hiver ou la saison s\u00e8che, c'est-\u00e0-dire entre novembre et avril, les vents de la mousson viennent du nord-est, le long de la c\u00f4te chinoise et \u00e0 travers le Golfe du Tonkin o\u00f9 ils engrangent beaucoup d'humidit\u00e9. La saison s\u00e8che ne l'est donc qu'en comparaison avec la saison des pluies. Dans le Nord, les quartre saisons sont distintes, la temp\u00e9rature moyenne de 17\u00b0C, meme 34\u00b0C en \u00e9t\u00e9. Dans le Sud, le climat assez stable avec la temp\u00e9rature moyenne de 27\u00b0C environ \u00e0 Ho Chi Minh ville.<br \/>\nDurant la saison des pluies, l'air chaud du d\u00e9sert de Gobi monte et l'humidit\u00e9 des oc\u00e9ans est aspir\u00e9e dans toute l'Asie. De lourdes pluies se d\u00e9versent sur le Vi\u00eat Nam. Les pluies vont d'importantes dans certaines r\u00e9gions \u00e0 torrentielles dans d'autres, et s'\u00e9chelonnent entre 120 centim\u00e8tres \u00e0 300 centim\u00e8tres. Presque 90 % des pr\u00e9cipitations se produisent lors de cette saison. Il y a fr\u00e9quemment des pr\u00e9cipitations de 200 \u00e0 300 mm en 24h. Ces fortes pr\u00e9cipitations peuvent avoir lieu \u00e0 n'importe quelle saison. Pendant la saison des typhons, de septembre \u00e0 d\u00e9cembre des pr\u00e9cipitations de 1000mm en 24h peuvent se produire.<br \/>\nLa temp\u00e9rature moyenne est g\u00e9n\u00e9ralement plus \u00e9lev\u00e9e dans les plaines que dans les montagnes et sur les plateaux. Elle varie de 5\u00b0C en d\u00e9cembre et janvier, \u00e0 plus de 37\u00b0C en avril. Les saisons sont plus marqu\u00e9es dans la moiti\u00e9 nord du Vi\u00eat Nam qu'au sud o\u00f9 la temp\u00e9rature ne varie quasiment qu'entre 21 et 28\u00b0C.<\/p>\n","protected":false},"excerpt":{"rendered":"<p>Le Vietnam se situe au c\u0153ur de l\u2019Asie du Sud-Est, contigu \u00e0 la Chine au nord, au Cambodge et Laos \u00e0 l\u2019ouest et se baigne dans la mer d\u2019Orient ,le golfe du Tonkin et le golfe de Thailande \u00e0 l\u2019est et au sud. Sa superficie est de 331.211 km2, avec la terre ferme longue de [&hellip;]<\/p>\n","protected":false},"author":1,"featured_media":0,"parent":0,"menu_order":0,"comment_status":"closed","ping_status":"closed","template":"","meta":{"footnotes":""},"class_list":["post-35","page","type-page","status-publish","hentry"],"yoast_head":"<!-- This site is optimized with the Yoast SEO plugin v27.4 - https:\/\/yoast.com\/product\/yoast-seo-wordpress\/ -->\n<title>La g\u00e9ographie du Vietnam - Ambassade de la r\u00e9publique socialiste du Vietnam en France<\/title>\n<meta name=\"robots\" content=\"index, follow, max-snippet:-1, max-image-preview:large, max-video-preview:-1\" \/>\n<link rel=\"canonical\" href=\"https:\/\/ambassade-vietnam.com\/fr\/la-geographie-du-vietnam\/\" \/>\n<meta property=\"og:locale\" content=\"fr_FR\" \/>\n<meta property=\"og:type\" content=\"article\" \/>\n<meta property=\"og:title\" content=\"La g\u00e9ographie du Vietnam - Ambassade de la r\u00e9publique socialiste du Vietnam en France\" \/>\n<meta property=\"og:description\" content=\"Le Vietnam se situe au c\u0153ur de l\u2019Asie du Sud-Est, contigu \u00e0 la Chine au nord, au Cambodge et Laos \u00e0 l\u2019ouest et se baigne dans la mer d\u2019Orient ,le golfe du Tonkin et le golfe de Thailande \u00e0 l\u2019est et au sud. Sa superficie est de 331.211 km2, avec la terre ferme longue de [&hellip;]\" \/>\n<meta property=\"og:url\" content=\"https:\/\/ambassade-vietnam.com\/fr\/la-geographie-du-vietnam\/\" \/>\n<meta property=\"og:site_name\" content=\"Ambassade de la r\u00e9publique socialiste du Vietnam en France\" \/>\n<meta name=\"twitter:card\" content=\"summary_large_image\" \/>\n<script type=\"application\/ld+json\" class=\"yoast-schema-graph\">{\"@context\":\"https:\\\/\\\/schema.org\",\"@graph\":[{\"@type\":\"WebPage\",\"@id\":\"https:\\\/\\\/ambassade-vietnam.com\\\/fr\\\/la-geographie-du-vietnam\\\/\",\"url\":\"https:\\\/\\\/ambassade-vietnam.com\\\/fr\\\/la-geographie-du-vietnam\\\/\",\"name\":\"La g\u00e9ographie du Vietnam - Ambassade de la r\u00e9publique socialiste du Vietnam en France\",\"isPartOf\":{\"@id\":\"https:\\\/\\\/ambassade-vietnam.com\\\/fr\\\/#website\"},\"datePublished\":\"2019-08-01T07:37:20+00:00\",\"breadcrumb\":{\"@id\":\"https:\\\/\\\/ambassade-vietnam.com\\\/fr\\\/la-geographie-du-vietnam\\\/#breadcrumb\"},\"inLanguage\":\"fr-FR\",\"potentialAction\":[{\"@type\":\"ReadAction\",\"target\":[\"https:\\\/\\\/ambassade-vietnam.com\\\/fr\\\/la-geographie-du-vietnam\\\/\"]}]},{\"@type\":\"BreadcrumbList\",\"@id\":\"https:\\\/\\\/ambassade-vietnam.com\\\/fr\\\/la-geographie-du-vietnam\\\/#breadcrumb\",\"itemListElement\":[{\"@type\":\"ListItem\",\"position\":1,\"name\":\"Home\",\"item\":\"https:\\\/\\\/ambassade-vietnam.com\\\/fr\\\/\"},{\"@type\":\"ListItem\",\"position\":2,\"name\":\"La g\u00e9ographie du Vietnam\"}]},{\"@type\":\"WebSite\",\"@id\":\"https:\\\/\\\/ambassade-vietnam.com\\\/fr\\\/#website\",\"url\":\"https:\\\/\\\/ambassade-vietnam.com\\\/fr\\\/\",\"name\":\"Ambassade de la r\u00e9publique socialiste du Vietnam en France\",\"description\":\"\",\"potentialAction\":[{\"@type\":\"SearchAction\",\"target\":{\"@type\":\"EntryPoint\",\"urlTemplate\":\"https:\\\/\\\/ambassade-vietnam.com\\\/fr\\\/?s={search_term_string}\"},\"query-input\":{\"@type\":\"PropertyValueSpecification\",\"valueRequired\":true,\"valueName\":\"search_term_string\"}}],\"inLanguage\":\"fr-FR\"}]}<\/script>\n<!-- \/ Yoast SEO plugin. -->","yoast_head_json":{"title":"La g\u00e9ographie du Vietnam - Ambassade de la r\u00e9publique socialiste du Vietnam en France","robots":{"index":"index","follow":"follow","max-snippet":"max-snippet:-1","max-image-preview":"max-image-preview:large","max-video-preview":"max-video-preview:-1"},"canonical":"https:\/\/ambassade-vietnam.com\/fr\/la-geographie-du-vietnam\/","og_locale":"fr_FR","og_type":"article","og_title":"La g\u00e9ographie du Vietnam - Ambassade de la r\u00e9publique socialiste du Vietnam en France","og_description":"Le Vietnam se situe au c\u0153ur de l\u2019Asie du Sud-Est, contigu \u00e0 la Chine au nord, au Cambodge et Laos \u00e0 l\u2019ouest et se baigne dans la mer d\u2019Orient ,le golfe du Tonkin et le golfe de Thailande \u00e0 l\u2019est et au sud. Sa superficie est de 331.211 km2, avec la terre ferme longue de [&hellip;]","og_url":"https:\/\/ambassade-vietnam.com\/fr\/la-geographie-du-vietnam\/","og_site_name":"Ambassade de la r\u00e9publique socialiste du Vietnam en France","twitter_card":"summary_large_image","schema":{"@context":"https:\/\/schema.org","@graph":[{"@type":"WebPage","@id":"https:\/\/ambassade-vietnam.com\/fr\/la-geographie-du-vietnam\/","url":"https:\/\/ambassade-vietnam.com\/fr\/la-geographie-du-vietnam\/","name":"La g\u00e9ographie du Vietnam - Ambassade de la r\u00e9publique socialiste du Vietnam en France","isPartOf":{"@id":"https:\/\/ambassade-vietnam.com\/fr\/#website"},"datePublished":"2019-08-01T07:37:20+00:00","breadcrumb":{"@id":"https:\/\/ambassade-vietnam.com\/fr\/la-geographie-du-vietnam\/#breadcrumb"},"inLanguage":"fr-FR","potentialAction":[{"@type":"ReadAction","target":["https:\/\/ambassade-vietnam.com\/fr\/la-geographie-du-vietnam\/"]}]},{"@type":"BreadcrumbList","@id":"https:\/\/ambassade-vietnam.com\/fr\/la-geographie-du-vietnam\/#breadcrumb","itemListElement":[{"@type":"ListItem","position":1,"name":"Home","item":"https:\/\/ambassade-vietnam.com\/fr\/"},{"@type":"ListItem","position":2,"name":"La g\u00e9ographie du Vietnam"}]},{"@type":"WebSite","@id":"https:\/\/ambassade-vietnam.com\/fr\/#website","url":"https:\/\/ambassade-vietnam.com\/fr\/","name":"Ambassade de la r\u00e9publique socialiste du Vietnam en France","description":"","potentialAction":[{"@type":"SearchAction","target":{"@type":"EntryPoint","urlTemplate":"https:\/\/ambassade-vietnam.com\/fr\/?s={search_term_string}"},"query-input":{"@type":"PropertyValueSpecification","valueRequired":true,"valueName":"search_term_string"}}],"inLanguage":"fr-FR"}]}},"_links":{"self":[{"href":"https:\/\/ambassade-vietnam.com\/fr\/wp-json\/wp\/v2\/pages\/35","targetHints":{"allow":["GET"]}}],"collection":[{"href":"https:\/\/ambassade-vietnam.com\/fr\/wp-json\/wp\/v2\/pages"}],"about":[{"href":"https:\/\/ambassade-vietnam.com\/fr\/wp-json\/wp\/v2\/types\/page"}],"author":[{"embeddable":true,"href":"https:\/\/ambassade-vietnam.com\/fr\/wp-json\/wp\/v2\/users\/1"}],"replies":[{"embeddable":true,"href":"https:\/\/ambassade-vietnam.com\/fr\/wp-json\/wp\/v2\/comments?post=35"}],"version-history":[{"count":1,"href":"https:\/\/ambassade-vietnam.com\/fr\/wp-json\/wp\/v2\/pages\/35\/revisions"}],"predecessor-version":[{"id":36,"href":"https:\/\/ambassade-vietnam.com\/fr\/wp-json\/wp\/v2\/pages\/35\/revisions\/36"}],"wp:attachment":[{"href":"https:\/\/ambassade-vietnam.com\/fr\/wp-json\/wp\/v2\/media?parent=35"}],"curies":[{"name":"wp","href":"https:\/\/api.w.org\/{rel}","templated":true}]}}